{"id":7039,"date":"2022-01-25T11:34:31","date_gmt":"2022-01-25T10:34:31","guid":{"rendered":"https:\/\/gmiinfo.com\/?post_type=product&#038;p=7039"},"modified":"2022-04-13T12:23:07","modified_gmt":"2022-04-13T10:23:07","slug":"glass-protection-ceramique-pour-xiaomi-poco-x3-pro-x3-x3-nfc","status":"publish","type":"product","link":"https:\/\/gmiinfo.com\/fr\/produit\/glass-protection-ceramique-pour-xiaomi-poco-x3-pro-x3-x3-nfc\/","title":{"rendered":"Glass Protection C\u00e9ramique Pour Xiaomi Poco X3 Pro\/X3\/X3 NFC"},"content":{"rendered":"<p>Prot\u00e8ge votre t\u00e9l\u00e9phone avant que ne soit trop tard<\/p>\n<p>C\u2019est un produit r\u00e9volutionnaire, ce seront des traditions subverties. Un film en silicone dur et flexible<br \/>\nLes films c\u00e9ramiques ont tous les avantages que le verre tremp\u00e9 ordinaire et les autres verres souples n\u2019ont pas<\/p>\n<ul>\n<li>Protecteur d\u2019\u00e9cran en verre tremp\u00e9 \u00e0 film c\u00e9ramique \u00e0 couverture compl\u00e8te<\/li>\n<li>structure anti-crash a gard\u00e9 le plus haut niveau de s\u00e9curit\u00e9 et de durabilit\u00e9.<\/li>\n<li>Haute protection anti-rayures et anti-choc. La duret\u00e9 de l\u2019\u00e9cran maintenue au niveau \u00e9lev\u00e9 de 9H est maintenue par les couches de c\u00e9ramique suppl\u00e9mentaires (rev\u00eatement dur)<\/li>\n<li>Super clair. Effets visuels intacts et saturation d\u2019origine des couleurs affich\u00e9es gr\u00e2ce \u00e0 la structure parfaitement claire du film c\u00e9ramique<\/li>\n<li>Le furture anti-empreintes digitales est dot\u00e9 d\u2019un film c\u00e9ramique, il r\u00e9duit la graisse et toutes les stries afin de garder le verre encore plus propre<\/li>\n<\/ul>","protected":false},"excerpt":{"rendered":"<ul>\n<li>Protecteur d\u2019\u00e9cran en verre tremp\u00e9 \u00e0 film c\u00e9ramique \u00e0 couverture compl\u00e8te<\/li>\n<li>structure anti-crash a gard\u00e9 le plus haut niveau de s\u00e9curit\u00e9 et de durabilit\u00e9.<\/li>\n<li>Haute protection anti-rayures et anti-choc. La duret\u00e9 de l\u2019\u00e9cran maintenue au niveau \u00e9lev\u00e9 de 9H est maintenue par les couches de c\u00e9ramique suppl\u00e9mentaires (rev\u00eatement dur)<\/li>\n<li>Super clair. Effets visuels intacts et saturation d\u2019origine des couleurs affich\u00e9es gr\u00e2ce \u00e0 la structure parfaitement claire du film c\u00e9ramique<\/li>\n<li>Le furture anti-empreintes digitales est dot\u00e9 d\u2019un film c\u00e9ramique, il r\u00e9duit la graisse et toutes les stries afin de garder le verre encore plus propre<\/li>\n<\/ul>","protected":false},"featured_media":7040,"template":"","meta":[],"product_cat":[241,452],"product_tag":[],"class_list":["post-7039","product","type-product","status-publish","has-post-thumbnail","hentry","product_cat-accessoires-telephones","product_cat-film-de-protection"],"_links":{"self":[{"href":"https:\/\/gmiinfo.com\/fr\/wp-json\/wp\/v2\/product\/7039","targetHints":{"allow":["GET"]}}],"collection":[{"href":"https:\/\/gmiinfo.com\/fr\/wp-json\/wp\/v2\/product"}],"about":[{"href":"https:\/\/gmiinfo.com\/fr\/wp-json\/wp\/v2\/types\/product"}],"wp:featuredmedia":[{"embeddable":true,"href":"https:\/\/gmiinfo.com\/fr\/wp-json\/wp\/v2\/media\/7040"}],"wp:attachment":[{"href":"https:\/\/gmiinfo.com\/fr\/wp-json\/wp\/v2\/media?parent=7039"}],"wp:term":[{"taxonomy":"product_cat","embeddable":true,"href":"https:\/\/gmiinfo.com\/fr\/wp-json\/wp\/v2\/product_cat?post=7039"},{"taxonomy":"product_tag","embeddable":true,"href":"https:\/\/gmiinfo.com\/fr\/wp-json\/wp\/v2\/product_tag?post=7039"}],"curies":[{"name":"wp","href":"https:\/\/api.w.org\/{rel}","templated":true}]}}