{"id":7037,"date":"2022-01-25T11:31:09","date_gmt":"2022-01-25T10:31:09","guid":{"rendered":"https:\/\/gmiinfo.com\/?post_type=product&#038;p=7037"},"modified":"2022-01-25T11:31:09","modified_gmt":"2022-01-25T10:31:09","slug":"ceramic-matte-pour-iphone-13-13pro-13-pro-max","status":"publish","type":"product","link":"https:\/\/gmiinfo.com\/fr\/produit\/ceramic-matte-pour-iphone-13-13pro-13-pro-max\/","title":{"rendered":"ceramic Matte pour IPhone 13\/13Pro\/13 Pro Max"},"content":{"rendered":"<p>Ce film de protection est exclusivement con\u00e7u pour une protection de bord a bord<br \/>\nDimension Maximum: Strictement d\u00e9coup\u00e9 pour recouvrir enti\u00e8rement l\u2019\u00e9cran d\u2019un bord \u00e0 l\u2019autre.<br \/>\nTop Responsivit\u00e9 du Tactile: ce film est souple et solide ,efficace contre les rayures et les \u00e9raflures quotidiennes; assurant en m\u00eame temps une haute responsivit\u00e9 du tactile pour une longue dur\u00e9e d\u2019usage.<br \/>\nGlass\u00a0<b>\u00a0Full Cover\u00a0<\/b><br \/>\nCouverture compl\u00e8te<br \/>\nProtecteur d&#8217;\u00e9cran en ceramic<br \/>\nImage Claire<br \/>\nCouleur: Transparent cadre noir<\/p>","protected":false},"excerpt":{"rendered":"<ul>\n<li>Ce film de protection est exclusivement con\u00e7u pour une protection de bord a bord<\/li>\n<li>Dimension Maximum: Strictement d\u00e9coup\u00e9 pour recouvrir enti\u00e8rement l\u2019\u00e9cran d\u2019un bord \u00e0 l\u2019autre.<\/li>\n<li>Top Responsivit\u00e9 du Tactile: ce film est souple et solide ,efficace contre les rayures et les \u00e9raflures quotidiennes; assurant en m\u00eame temps une haute responsivit\u00e9 du tactile pour une longue dur\u00e9e d\u2019usage.<\/li>\n<li>Glass Full Cover<\/li>\n<li>Couverture compl\u00e8te<\/li>\n<li>Protecteur d&#8217;\u00e9cran en verre<\/li>\n<li>Image Claire<\/li>\n<li>Couleur: transparent<\/li>\n<\/ul>","protected":false},"featured_media":7038,"template":"","meta":[],"product_cat":[241,452],"product_tag":[],"class_list":["post-7037","product","type-product","status-publish","has-post-thumbnail","hentry","product_cat-accessoires-telephones","product_cat-film-de-protection"],"_links":{"self":[{"href":"https:\/\/gmiinfo.com\/fr\/wp-json\/wp\/v2\/product\/7037","targetHints":{"allow":["GET"]}}],"collection":[{"href":"https:\/\/gmiinfo.com\/fr\/wp-json\/wp\/v2\/product"}],"about":[{"href":"https:\/\/gmiinfo.com\/fr\/wp-json\/wp\/v2\/types\/product"}],"wp:featuredmedia":[{"embeddable":true,"href":"https:\/\/gmiinfo.com\/fr\/wp-json\/wp\/v2\/media\/7038"}],"wp:attachment":[{"href":"https:\/\/gmiinfo.com\/fr\/wp-json\/wp\/v2\/media?parent=7037"}],"wp:term":[{"taxonomy":"product_cat","embeddable":true,"href":"https:\/\/gmiinfo.com\/fr\/wp-json\/wp\/v2\/product_cat?post=7037"},{"taxonomy":"product_tag","embeddable":true,"href":"https:\/\/gmiinfo.com\/fr\/wp-json\/wp\/v2\/product_tag?post=7037"}],"curies":[{"name":"wp","href":"https:\/\/api.w.org\/{rel}","templated":true}]}}