{"id":7035,"date":"2022-01-25T11:28:21","date_gmt":"2022-01-25T10:28:21","guid":{"rendered":"https:\/\/gmiinfo.com\/?post_type=product&#038;p=7035"},"modified":"2022-01-25T11:28:21","modified_gmt":"2022-01-25T10:28:21","slug":"glass-de-protection-en-verre-trempe-camera-compatible-avec-iphone-13-pro-pro-max","status":"publish","type":"product","link":"https:\/\/gmiinfo.com\/fr\/produit\/glass-de-protection-en-verre-trempe-camera-compatible-avec-iphone-13-pro-pro-max\/","title":{"rendered":"Glass de protection en verre tremp\u00e9 cam\u00e9ra compatible avec iphone 13 Pro\/ Pro Max"},"content":{"rendered":"<p>Protecteur d&#8217;objectif pour appareil photo Iphone 13 Pro\/ Pro Max\u00a0\u00a0Compatible avec le nouveau\u00a0\u00a0IIphone 13 Pro\/ Pro Max.\u00a0Notre protecteur d&#8217;objectif d&#8217;appareil photo am\u00e9lior\u00e9 est livr\u00e9 avec une coupe pr\u00e9cise, il ne g\u00e2chera pas l&#8217;apparence d&#8217;origine de votre t\u00e9l\u00e9phone; Prot\u00e8ge l&#8217;objectif de votre appareil photo des rayures et peut absorber les chocs!<br \/>\nLe produit a noirci les parties du protecteur entre le flash et les objectifs de l&#8217;appareil photo.Sp\u00e9cialement la conception n&#8217;affecte pas le flash.Ultra-mince et clart\u00e9 HD: \u00e9cran haute d\u00e9finition, transmission de la lumi\u00e8re de 99,99%, gardant l&#8217;image originale de votre\u00a0\u00a0Iphone 13 Pro\/ Pro Max\u00a0qualit\u00e9.\u00a0Couvercle de l&#8217;objectif de la cam\u00e9ra \u00e0 surface en verre tremp\u00e9 transparent pour permettre une exp\u00e9rience de visualisation naturelle optimale<br \/>\n[Ne rayez jamais votre nouvel objectif de cam\u00e9ra\u00a0\u00a0Iphone 13 Pro\/ Pro Max\u00a0Fabriqu\u00e9 en\u00a0 haute qualit\u00e9 et en verre tremp\u00e9 ultra fin, il est excellent en r\u00e9sistance \u00e0 l&#8217;usure.prot\u00e9gez-vous des \u00e9raflures et des rayures accidentelles par le couteau, les cl\u00e9s et autres objets durs, pas facile tomber, peut r\u00e9duire la poussi\u00e8re, tr\u00e8s r\u00e9sistant aux chocs, antid\u00e9flagrant et plus r\u00e9sistant aux rayures<br \/>\n[Installation facile et ne tombera pas]\u00a0 il est facile d&#8217;installer le protecteur d&#8217;objectif\u00a0Iphone 13 Pro\/ Pro Max\u00a0et sans bulles, un adh\u00e9sif puissant permet au film d&#8217;objectif de coller fermement \u00e0 l&#8217;objectif, pas facile de tomber.\u00a0Aucune empreinte digitale, aucune bulle et ne laisse aucun r\u00e9sidu une fois enlev\u00e9.\u00a0[Case Friendly], n&#8217;affecte pas l&#8217;utilisation de l&#8217;\u00e9tui de protection<br \/>\nC&#8217;est le produit parfait pour le protecteur d&#8217;objectif de cam\u00e9ra Iphone 13 Pro\/ Pro Max.\u00a0Si vous voulez prot\u00e9ger l&#8217;\u00e9cran de l&#8217;objectif de votre appareil photo de t\u00e9l\u00e9phone tr\u00e8s co\u00fbteux, cela en vaut la peine, juste pour que l&#8217;objectif de l&#8217;appareil photo se fissure en cas de chute accidentelle sans ce protecteur d&#8217;objectif serait un jour ruiner et vous devrez payer beaucoup plus pour le r\u00e9parer<\/p>","protected":false},"excerpt":{"rendered":"<ul>\n<li>\u00a0D\u00e9coup\u00e9 pr\u00e9cis\u00e9ment pour s&#8217;adapter \u00e0 l&#8217;objectif de l&#8217;appareil photo Iphone 13 Pro\/ Pro Max, conserve l&#8217;apparence magnifique de votre Iphone 13 Pro\/ Pro Max et fonctionne parfaitement avec l&#8217;appareil photo de votre appareil<\/li>\n<li>: Enti\u00e8rement fabriqu\u00e9 en verre tremp\u00e9 renforc\u00e9, aide \u00e0 emp\u00eacher l&#8217;impact d&#8217;une chute inattendue de briser votre appareil photo<\/li>\n<li>Un processus de finition de surface de pr\u00e9cision offre une d\u00e9fense ultime contre les \u00e9raflures, les coups et les rayures quotidiens<\/li>\n<li>Ultra-mince avec une \u00e9paisseur de 0,2 mm, il pourrait fournir une protection fiable sans affecter la prise de photos et la prise de vid\u00e9os, le cercle de flash noir de l&#8217;appareil photo aide \u00e0 conserver la qualit\u00e9 d&#8217;image d&#8217;origine lorsque le flash est allum\u00e9<\/li>\n<li>Garder votre cam\u00e9ra propre et nette<\/li>\n<\/ul>","protected":false},"featured_media":7036,"template":"","meta":[],"product_cat":[241,452],"product_tag":[],"class_list":["post-7035","product","type-product","status-publish","has-post-thumbnail","hentry","product_cat-accessoires-telephones","product_cat-film-de-protection"],"_links":{"self":[{"href":"https:\/\/gmiinfo.com\/fr\/wp-json\/wp\/v2\/product\/7035","targetHints":{"allow":["GET"]}}],"collection":[{"href":"https:\/\/gmiinfo.com\/fr\/wp-json\/wp\/v2\/product"}],"about":[{"href":"https:\/\/gmiinfo.com\/fr\/wp-json\/wp\/v2\/types\/product"}],"wp:featuredmedia":[{"embeddable":true,"href":"https:\/\/gmiinfo.com\/fr\/wp-json\/wp\/v2\/media\/7036"}],"wp:attachment":[{"href":"https:\/\/gmiinfo.com\/fr\/wp-json\/wp\/v2\/media?parent=7035"}],"wp:term":[{"taxonomy":"product_cat","embeddable":true,"href":"https:\/\/gmiinfo.com\/fr\/wp-json\/wp\/v2\/product_cat?post=7035"},{"taxonomy":"product_tag","embeddable":true,"href":"https:\/\/gmiinfo.com\/fr\/wp-json\/wp\/v2\/product_tag?post=7035"}],"curies":[{"name":"wp","href":"https:\/\/api.w.org\/{rel}","templated":true}]}}