{"id":7031,"date":"2022-01-25T11:05:28","date_gmt":"2022-01-25T10:05:28","guid":{"rendered":"https:\/\/gmiinfo.com\/?post_type=product&#038;p=7031"},"modified":"2022-04-14T11:50:48","modified_gmt":"2022-04-14T09:50:48","slug":"protege-ecran-en-verre-trempe-force-glass-fume-pour-iphone-13-pro-max","status":"publish","type":"product","link":"https:\/\/gmiinfo.com\/fr\/produit\/protege-ecran-en-verre-trempe-force-glass-fume-pour-iphone-13-pro-max\/","title":{"rendered":"Prot\u00e8ge-\u00e9cran en verre tremp\u00e9 &#8211; Force Glass fum\u00e9 &#8211; Pour iPhone 13 Pro Max"},"content":{"rendered":"<p>Protection contre les regards indiscrets &#8211; Grande r\u00e9sistance \u00e0 la rayure &#8211; Qualit\u00e9 d&#8217;\u00e9cran HD optimis\u00e9e &#8211; Application simple, rapide et sans bulle<\/p>","protected":false},"excerpt":{"rendered":"<ul>\n<li>Protection contre les regards indiscrets &#8211;<\/li>\n<li>Grande r\u00e9sistance \u00e0 la rayure &#8211;<\/li>\n<li>Qualit\u00e9 d&#8217;\u00e9cran HD optimis\u00e9e &#8211;<\/li>\n<li>Application simple, rapide et sans bulle<\/li>\n<li>claire<\/li>\n<\/ul>","protected":false},"featured_media":7032,"template":"","meta":[],"product_cat":[241,452],"product_tag":[],"class_list":["post-7031","product","type-product","status-publish","has-post-thumbnail","hentry","product_cat-accessoires-telephones","product_cat-film-de-protection"],"_links":{"self":[{"href":"https:\/\/gmiinfo.com\/fr\/wp-json\/wp\/v2\/product\/7031","targetHints":{"allow":["GET"]}}],"collection":[{"href":"https:\/\/gmiinfo.com\/fr\/wp-json\/wp\/v2\/product"}],"about":[{"href":"https:\/\/gmiinfo.com\/fr\/wp-json\/wp\/v2\/types\/product"}],"wp:featuredmedia":[{"embeddable":true,"href":"https:\/\/gmiinfo.com\/fr\/wp-json\/wp\/v2\/media\/7032"}],"wp:attachment":[{"href":"https:\/\/gmiinfo.com\/fr\/wp-json\/wp\/v2\/media?parent=7031"}],"wp:term":[{"taxonomy":"product_cat","embeddable":true,"href":"https:\/\/gmiinfo.com\/fr\/wp-json\/wp\/v2\/product_cat?post=7031"},{"taxonomy":"product_tag","embeddable":true,"href":"https:\/\/gmiinfo.com\/fr\/wp-json\/wp\/v2\/product_tag?post=7031"}],"curies":[{"name":"wp","href":"https:\/\/api.w.org\/{rel}","templated":true}]}}