{"id":7029,"date":"2022-01-25T10:56:23","date_gmt":"2022-01-25T09:56:23","guid":{"rendered":"https:\/\/gmiinfo.com\/?post_type=product&#038;p=7029"},"modified":"2022-01-25T10:56:23","modified_gmt":"2022-01-25T09:56:23","slug":"coque-silicone-transparent-pour-iphone-x-xs","status":"publish","type":"product","link":"https:\/\/gmiinfo.com\/fr\/produit\/coque-silicone-transparent-pour-iphone-x-xs\/","title":{"rendered":"Coque Silicone Transparent Pour Iphone X\/XS"},"content":{"rendered":"<div class=\"col12\">\n<div class=\"card aim -mtm\">\n<div class=\"markup -mhm -pvl -oxa -sc\"><strong>P<\/strong>rot\u00e9gez efficacement votre Smartphone gr\u00e2ce \u00e0 cette coque\u00a0<strong>antichoc<\/strong>\u00a0universelle. Une coque robuste qui vous accompagne au quotidien.Pratique, vous pouvez le glisser dans votre poche \/ sac.La conception mince s&#8217;adapte parfaitement pour garder votre smartphone dans les perspectives de style. Il suffit de l&#8217;encliqueter pour l&#8217;installer et l&#8217;enlever facilement<\/div>\n<\/div>\n<section class=\"card aim -mtm -fs16\">\n<div id=\"specifications\" class=\"hook\"><\/div>\n<header class=\"-pvs -bb\"><\/header>\n<\/section>\n<div class=\"reco _res -mtm\" data-reco-onview=\"product\" data-list=\"viewtogether\" data-plc=\"s\" data-page-type=\"pdp\" data-sku=\"SA050MP1I7UIGNAFAMZ\" data-strategy=\"viewed-together\">\n<div class=\"reco-w\">\n<section class=\"card -oh _fw -rad4\">\n<header class=\"row _no-g -fw-nw -j-bet -i-ctr -phm -mh-48px\">\n<div class=\"cola -df -i-ctr -oh\">\n<h2 class=\"-m -fs20 -elli\"><\/h2>\n<\/div>\n<\/header>\n<div class=\"crs-w _main -phxs\">\n<div class=\"crs row _no-g -fw-nw _6cl-4cm -pvxs\">\n<div class=\"itm col\">\n<article class=\"prd _box\"><a class=\"core\"><img loading=\"lazy\" decoding=\"async\" class=\"img\" src=\"image\/gif;base64,R0lGODlhAQABAIAAAAAAAP\/\/\/yH5BAEAAAAALAAAAAABAAEAAAIBRAA7\" alt=\"\" width=\"185\" height=\"185\" data-lazy=\"\" data-src=\"\" \/><\/a><\/p>\n<div class=\"name\"><\/div>\n<div class=\"prc\"><\/div>\n<\/article>\n<\/div>\n<div class=\"itm col\">\n<article class=\"prd _box\"><a class=\"core\"><img loading=\"lazy\" decoding=\"async\" class=\"img\" src=\"image\/gif;base64,R0lGODlhAQABAIAAAAAAAP\/\/\/yH5BAEAAAAALAAAAAABAAEAAAIBRAA7\" alt=\"\" width=\"185\" height=\"185\" data-lazy=\"\" data-src=\"\" \/><\/a><\/p>\n<div class=\"name\"><\/div>\n<div class=\"prc\"><\/div>\n<\/article>\n<\/div>\n<div class=\"itm col\">\n<article class=\"prd _box\"><a class=\"core\"><img loading=\"lazy\" decoding=\"async\" class=\"img\" src=\"image\/gif;base64,R0lGODlhAQABAIAAAAAAAP\/\/\/yH5BAEAAAAALAAAAAABAAEAAAIBRAA7\" alt=\"\" width=\"185\" height=\"185\" data-lazy=\"\" data-src=\"\" \/><\/a><\/p>\n<div class=\"name\"><\/div>\n<div class=\"prc\"><\/div>\n<\/article>\n<\/div>\n<div class=\"itm col\">\n<article class=\"prd _box\"><a class=\"core\"><img loading=\"lazy\" decoding=\"async\" class=\"img\" src=\"image\/gif;base64,R0lGODlhAQABAIAAAAAAAP\/\/\/yH5BAEAAAAALAAAAAABAAEAAAIBRAA7\" alt=\"\" width=\"185\" height=\"185\" data-lazy=\"\" data-src=\"\" \/><\/a><\/p>\n<div class=\"name\"><\/div>\n<div class=\"prc\"><\/div>\n<\/article>\n<\/div>\n<div class=\"itm col\">\n<article class=\"prd _box\"><a class=\"core\"><img loading=\"lazy\" decoding=\"async\" class=\"img\" src=\"image\/gif;base64,R0lGODlhAQABAIAAAAAAAP\/\/\/yH5BAEAAAAALAAAAAABAAEAAAIBRAA7\" alt=\"\" width=\"185\" height=\"185\" data-lazy=\"\" data-src=\"\" \/><\/a><\/p>\n<div class=\"name\"><\/div>\n<div class=\"prc\"><\/div>\n<\/article>\n<\/div>\n<div class=\"itm col\">\n<article class=\"prd _box\"><a class=\"core\"><img loading=\"lazy\" decoding=\"async\" class=\"img\" src=\"image\/gif;base64,R0lGODlhAQABAIAAAAAAAP\/\/\/yH5BAEAAAAALAAAAAABAAEAAAIBRAA7\" alt=\"\" width=\"185\" height=\"185\" data-lazy=\"\" data-src=\"\" \/><\/a><\/p>\n<div class=\"name\"><\/div>\n<div class=\"prc\"><\/div>\n<\/article>\n<\/div>\n<\/div>\n<\/div>\n<\/section>\n<\/div>\n<\/div>\n<div class=\"reco _res -mtm\" data-reco-onview=\"product\" data-list=\"boughttogether\" data-plc=\"s\" data-page-type=\"pdp\" data-sku=\"SA050MP1I7UIGNAFAMZ\" data-strategy=\"bought-together\">\n<div class=\"reco-w\">\n<section class=\"card -oh _fw -rad4\">\n<header class=\"row _no-g -fw-nw -j-bet -i-ctr -phm -mh-48px\">\n<div class=\"cola -df -i-ctr -oh\">\n<h2 class=\"-m -fs20 -elli\"><\/h2>\n<\/div>\n<\/header>\n<div class=\"crs-w _main -phxs\">\n<div class=\"crs row _no-g -fw-nw _6cl-4cm -pvxs\">\n<div class=\"itm col\">\n<article class=\"prd _box\"><a class=\"core\"><img loading=\"lazy\" decoding=\"async\" class=\"img\" src=\"image\/gif;base64,R0lGODlhAQABAIAAAAAAAP\/\/\/yH5BAEAAAAALAAAAAABAAEAAAIBRAA7\" alt=\"\" width=\"185\" height=\"185\" data-lazy=\"\" data-src=\"\" \/><\/a><\/p>\n<div class=\"name\"><\/div>\n<div class=\"prc\"><\/div>\n<\/article>\n<\/div>\n<div class=\"itm col\">\n<article class=\"prd _box\"><a class=\"core\"><img loading=\"lazy\" decoding=\"async\" class=\"img\" src=\"image\/gif;base64,R0lGODlhAQABAIAAAAAAAP\/\/\/yH5BAEAAAAALAAAAAABAAEAAAIBRAA7\" alt=\"\" width=\"185\" height=\"185\" data-lazy=\"\" data-src=\"\" \/><\/a><\/p>\n<div class=\"name\"><\/div>\n<div class=\"prc\"><\/div>\n<\/article>\n<\/div>\n<div class=\"itm col\">\n<article class=\"prd _box\"><a class=\"core\"><img loading=\"lazy\" decoding=\"async\" class=\"img\" src=\"image\/gif;base64,R0lGODlhAQABAIAAAAAAAP\/\/\/yH5BAEAAAAALAAAAAABAAEAAAIBRAA7\" alt=\"\" width=\"185\" height=\"185\" data-lazy=\"\" data-src=\"\" \/><\/a><\/p>\n<div class=\"name\"><\/div>\n<div class=\"prc\"><\/div>\n<\/article>\n<\/div>\n<div class=\"itm col\">\n<article class=\"prd _box\"><a class=\"core\"><img loading=\"lazy\" decoding=\"async\" class=\"img\" src=\"image\/gif;base64,R0lGODlhAQABAIAAAAAAAP\/\/\/yH5BAEAAAAALAAAAAABAAEAAAIBRAA7\" alt=\"\" width=\"185\" height=\"185\" data-lazy=\"\" data-src=\"\" \/><\/a><\/p>\n<div class=\"name\"><\/div>\n<div class=\"prc\"><\/div>\n<\/article>\n<\/div>\n<div class=\"itm col\">\n<article class=\"prd _box\"><a class=\"core\"><img loading=\"lazy\" decoding=\"async\" class=\"img\" src=\"image\/gif;base64,R0lGODlhAQABAIAAAAAAAP\/\/\/yH5BAEAAAAALAAAAAABAAEAAAIBRAA7\" alt=\"\" width=\"185\" height=\"185\" data-lazy=\"\" data-src=\"\" \/><\/a><\/p>\n<div class=\"name\"><\/div>\n<div class=\"prc\"><\/div>\n<\/article>\n<\/div>\n<div class=\"itm col\">\n<article class=\"prd _box\"><a class=\"core\"><img loading=\"lazy\" decoding=\"async\" class=\"img\" src=\"image\/gif;base64,R0lGODlhAQABAIAAAAAAAP\/\/\/yH5BAEAAAAALAAAAAABAAEAAAIBRAA7\" alt=\"\" width=\"185\" height=\"185\" data-lazy=\"\" data-src=\"\" \/><\/a><\/p>\n<div class=\"name\"><\/div>\n<div class=\"prc\"><\/div>\n<\/article>\n<\/div>\n<\/div>\n<\/div>\n<\/section>\n<\/div>\n<\/div>\n<section class=\"card aim -mtm\">\n<div id=\"feedback\" class=\"hook\"><\/div>\n<header class=\"-df -i-ctr -j-bet -bb -pvs\"><\/header>\n<\/section>\n<\/div>\n<div class=\"col4\">\n<div class=\"__ps-to-header -ptm\">\n<article class=\"card -mtm -pas\">\n<div class=\"-df\"><\/div>\n<\/article>\n<\/div>\n<\/div>","protected":false},"excerpt":{"rendered":"<ul>\n<li>silicone Pour Iphone X\/XS &#8211; transparent<\/li>\n<li>Sp\u00e9cialement con\u00e7u Votre appareil , notre coque est parfaitement adapt\u00e9 \u00e0 la forme de votre portable .<\/li>\n<li>R\u00e9sistante aux chocs et aux rayures, votre t\u00e9l\u00e9phone restera comme neuf<\/li>\n<li>Gel s\u00e9lectionn\u00e9 pour la fabrication afin de garantir une grande long\u00e9vit\u00e9 \u00e0 la coque<\/li>\n<li>La conception mince s&#8217;adapte parfaitement pour garder votre smartphone dans les perspectives de style<\/li>\n<\/ul>","protected":false},"featured_media":7030,"template":"","meta":[],"product_cat":[241,436],"product_tag":[],"class_list":["post-7029","product","type-product","status-publish","has-post-thumbnail","hentry","product_cat-accessoires-telephones","product_cat-etui"],"_links":{"self":[{"href":"https:\/\/gmiinfo.com\/fr\/wp-json\/wp\/v2\/product\/7029","targetHints":{"allow":["GET"]}}],"collection":[{"href":"https:\/\/gmiinfo.com\/fr\/wp-json\/wp\/v2\/product"}],"about":[{"href":"https:\/\/gmiinfo.com\/fr\/wp-json\/wp\/v2\/types\/product"}],"wp:featuredmedia":[{"embeddable":true,"href":"https:\/\/gmiinfo.com\/fr\/wp-json\/wp\/v2\/media\/7030"}],"wp:attachment":[{"href":"https:\/\/gmiinfo.com\/fr\/wp-json\/wp\/v2\/media?parent=7029"}],"wp:term":[{"taxonomy":"product_cat","embeddable":true,"href":"https:\/\/gmiinfo.com\/fr\/wp-json\/wp\/v2\/product_cat?post=7029"},{"taxonomy":"product_tag","embeddable":true,"href":"https:\/\/gmiinfo.com\/fr\/wp-json\/wp\/v2\/product_tag?post=7029"}],"curies":[{"name":"wp","href":"https:\/\/api.w.org\/{rel}","templated":true}]}}