{"id":7008,"date":"2022-01-22T17:56:20","date_gmt":"2022-01-22T16:56:20","guid":{"rendered":"https:\/\/gmiinfo.com\/?post_type=product&#038;p=7008"},"modified":"2022-01-22T17:57:46","modified_gmt":"2022-01-22T16:57:46","slug":"xtrike-haut-parleurs-stereo-gamer-avec-led-rgb","status":"publish","type":"product","link":"https:\/\/gmiinfo.com\/fr\/produit\/xtrike-haut-parleurs-stereo-gamer-avec-led-rgb\/","title":{"rendered":"Xtrike Haut-parleurs Stereo Gamer avec LED RGB"},"content":{"rendered":"<p>Les enceintes XTRIKE SK-501 vous font profiter de votre musique, de vos films et de vos jeux. Avec une puissance totale de 5W, vous avez un son st\u00e9r\u00e9o clair et puissant. Connectez simplement vos enceintes \u00e0 un prise Jack 3.5 mm, et elles sont install\u00e9es !<\/p>","protected":false},"excerpt":{"rendered":"<ul>\n<li>Des haut-parleurs de haute qualit\u00e9 offrent un son clair et pr\u00e9cis<\/li>\n<li>\u00c9clairage 7 couleurs avec effets RVB<\/li>\n<li>Connecteur de bouton de volume facilement accessible<\/li>\n<li>Conception compacte et portable, facile \u00e0 transporter avec votre ordinateur portable<\/li>\n<li>Sp\u00e9cifications techniques:<\/li>\n<li>Puissance nominale: 2 x 3W<\/li>\n<li>R\u00e9ponse en fr\u00e9quence: 160 Hz \u2013 20 KHz<\/li>\n<li>Unit\u00e9 d\u2019entra\u00eenement: 2,5 pouces x 2<\/li>\n<li>Connecteurs: jack 3,5 mm (audio), USB (alimentation)<\/li>\n<li>Alimentation: 5V<\/li>\n<li>Longueur de c\u00e2ble: 1,2<\/li>\n<\/ul>","protected":false},"featured_media":7011,"template":"","meta":[],"product_cat":[415,418],"product_tag":[],"class_list":["post-7008","product","type-product","status-publish","has-post-thumbnail","hentry","product_cat-accessoires-gaming","product_cat-speakers"],"_links":{"self":[{"href":"https:\/\/gmiinfo.com\/fr\/wp-json\/wp\/v2\/product\/7008","targetHints":{"allow":["GET"]}}],"collection":[{"href":"https:\/\/gmiinfo.com\/fr\/wp-json\/wp\/v2\/product"}],"about":[{"href":"https:\/\/gmiinfo.com\/fr\/wp-json\/wp\/v2\/types\/product"}],"wp:featuredmedia":[{"embeddable":true,"href":"https:\/\/gmiinfo.com\/fr\/wp-json\/wp\/v2\/media\/7011"}],"wp:attachment":[{"href":"https:\/\/gmiinfo.com\/fr\/wp-json\/wp\/v2\/media?parent=7008"}],"wp:term":[{"taxonomy":"product_cat","embeddable":true,"href":"https:\/\/gmiinfo.com\/fr\/wp-json\/wp\/v2\/product_cat?post=7008"},{"taxonomy":"product_tag","embeddable":true,"href":"https:\/\/gmiinfo.com\/fr\/wp-json\/wp\/v2\/product_tag?post=7008"}],"curies":[{"name":"wp","href":"https:\/\/api.w.org\/{rel}","templated":true}]}}