{"id":7004,"date":"2022-01-22T17:53:34","date_gmt":"2022-01-22T16:53:34","guid":{"rendered":"https:\/\/gmiinfo.com\/?post_type=product&#038;p=7004"},"modified":"2022-01-22T17:53:34","modified_gmt":"2022-01-22T16:53:34","slug":"xtrike-me-haut-parleur-gamer-sk402","status":"publish","type":"product","link":"https:\/\/gmiinfo.com\/fr\/produit\/xtrike-me-haut-parleur-gamer-sk402\/","title":{"rendered":"XTRIKE ME Haut parleur Gamer &#8211; SK402"},"content":{"rendered":"<p>Haut parleur Gamer &#8211; SK402 &#8211; RGB &#8211; Noir<\/p>\n<p>Le haut-parleur st\u00e9r\u00e9o Xtrike Me SK-402 de haute qualit\u00e9 offre un son\u00a0<strong>clair et pr\u00e9cis<\/strong>. Ils sont aliment\u00e9s par USB et ne n\u00e9cessitent pas d&#8217;alimentation externe. Avec r\u00e9tro\u00e9clairage RVB et t\u00e9l\u00e9commande en ligne.<\/p>\n<p>\u00c9quip\u00e9s d&#8217;une prise d&#8217;entr\u00e9e auxiliaire de 3,5 mm, les haut-parleurs filaires se connectent facilement \u00e0 presque tous les ordinateurs de bureau ou portables (PC ou Mac) et \u00e0 la plupart des appareils portables tels que tablettes, smartphones, lecteurs DVD, iPod et lecteurs MP3.<\/p>\n<p>Les haut-parleurs de bureau \u00e9mettent en alternance des lumi\u00e8res color\u00e9es, ce qui est attrayant dans l&#8217;obscurit\u00e9. Am\u00e9liorez l&#8217;atmosph\u00e8re de regarder des films et de jouer \u00e0 des jeux. Aliment\u00e9 par USB avec une clart\u00e9 sonore riche et dynamique<\/p>","protected":false},"excerpt":{"rendered":"<ul>\n<li>Puissance nominale: 2 x 3 W<\/li>\n<li>Imp\u00e9dance: 4 \u03a9 x 2<\/li>\n<li>Unit\u00e9 d&#8217;entra\u00eenement: 2 pouces x 2<\/li>\n<li>Connecteurs: jack 3,5 mm (audio), USB (alimentation)<\/li>\n<li>Couleur RGB<\/li>\n<\/ul>","protected":false},"featured_media":7005,"template":"","meta":[],"product_cat":[415,418],"product_tag":[],"class_list":["post-7004","product","type-product","status-publish","has-post-thumbnail","hentry","product_cat-accessoires-gaming","product_cat-speakers"],"_links":{"self":[{"href":"https:\/\/gmiinfo.com\/fr\/wp-json\/wp\/v2\/product\/7004","targetHints":{"allow":["GET"]}}],"collection":[{"href":"https:\/\/gmiinfo.com\/fr\/wp-json\/wp\/v2\/product"}],"about":[{"href":"https:\/\/gmiinfo.com\/fr\/wp-json\/wp\/v2\/types\/product"}],"wp:featuredmedia":[{"embeddable":true,"href":"https:\/\/gmiinfo.com\/fr\/wp-json\/wp\/v2\/media\/7005"}],"wp:attachment":[{"href":"https:\/\/gmiinfo.com\/fr\/wp-json\/wp\/v2\/media?parent=7004"}],"wp:term":[{"taxonomy":"product_cat","embeddable":true,"href":"https:\/\/gmiinfo.com\/fr\/wp-json\/wp\/v2\/product_cat?post=7004"},{"taxonomy":"product_tag","embeddable":true,"href":"https:\/\/gmiinfo.com\/fr\/wp-json\/wp\/v2\/product_tag?post=7004"}],"curies":[{"name":"wp","href":"https:\/\/api.w.org\/{rel}","templated":true}]}}