{"id":6999,"date":"2022-01-22T17:31:57","date_gmt":"2022-01-22T16:31:57","guid":{"rendered":"https:\/\/gmiinfo.com\/?post_type=product&#038;p=6999"},"modified":"2022-01-22T17:31:57","modified_gmt":"2022-01-22T16:31:57","slug":"kodak-flash-disque-64-go","status":"publish","type":"product","link":"https:\/\/gmiinfo.com\/fr\/produit\/kodak-flash-disque-64-go\/","title":{"rendered":"Kodak Flash disque 64 Go"},"content":{"rendered":"<p>La\u00a0<strong>cl\u00e9 kodak<\/strong>\u00a0 est con\u00e7ue pour vous suivre partout.Pratique et attrayante, cette cl\u00e9 offre un stockage simple et flexible pour que vous puissiez emmener documents, musique et photos entre autres o\u00f9 que vous soyez.<\/p>\n<p>Le transfert de donn\u00e9es sur la clef USB\u00a0 philips\u00a0 est simple : connectez-la simplement au port USB de votre ordinateur et glissez vos fichiers dans le dossier du lecteur flash.<\/p>\n<p>Apr\u00e8s un premier t\u00e9l\u00e9chargement rapide du pilote, ce disque USB vous permet de commencer \u00e0 stocker, transporter et partager imm\u00e9diatement vos donn\u00e9es.Con\u00e7ue par\u00a0 philips , leader de la m\u00e9moire flash, la clef USB\u00a0 propose une capacit\u00e9 de stockage \u00e9lev\u00e9e dans un format de poche.<\/p>\n<p>Ce disque USB peut contenir tous vos fichiers indispensables. avec un design de taille r\u00e9duite, mais important sur le stockage.Dot\u00e9e d&#8217;une interface\u00a0<strong>USB<\/strong>\u00a0pour le transfert de donn\u00e9es Super.<\/p>\n<p>Speed, permettant ainsi d&#8217;augmenter la vitesse de transfert et d&#8217;enregistrer des fichiers plus volumineux de n&#8217;importe quel type.<br \/>\nLa conception de la cl\u00e9 USB<strong>\u00a0<\/strong>\u00a0offre \u00e9galement une protection pour les connecteurs USB, gr\u00e2ce \u00e0 un dispositif de \u00ab\u00a0fermeture coulissante\u00a0\u00bb. Ce dispositif permet de maintenir la cl\u00e9 USB en place lors de son utilisation et de la remettre en position ferm\u00e9e de mani\u00e8re \u00e0 prot\u00e9ger le connecteur lorsqu&#8217;il n&#8217;est pas utilis\u00e9.<\/p>","protected":false},"excerpt":{"rendered":"<ul>\n<li>Flash Disque 64Go KODAK<\/li>\n<li>Capacit\u00e9 de Stockage : 64Go<\/li>\n<li>Interface\u00a0: USB 2.0<\/li>\n<li>Classic K102 S\u00e9ries<\/li>\n<li>Couleur\u00a0: Noir<\/li>\n<\/ul>","protected":false},"featured_media":6997,"template":"","meta":[],"product_cat":[241,449],"product_tag":[],"class_list":["post-6999","product","type-product","status-publish","has-post-thumbnail","hentry","product_cat-accessoires-telephones","product_cat-carte-memoire"],"_links":{"self":[{"href":"https:\/\/gmiinfo.com\/fr\/wp-json\/wp\/v2\/product\/6999","targetHints":{"allow":["GET"]}}],"collection":[{"href":"https:\/\/gmiinfo.com\/fr\/wp-json\/wp\/v2\/product"}],"about":[{"href":"https:\/\/gmiinfo.com\/fr\/wp-json\/wp\/v2\/types\/product"}],"wp:featuredmedia":[{"embeddable":true,"href":"https:\/\/gmiinfo.com\/fr\/wp-json\/wp\/v2\/media\/6997"}],"wp:attachment":[{"href":"https:\/\/gmiinfo.com\/fr\/wp-json\/wp\/v2\/media?parent=6999"}],"wp:term":[{"taxonomy":"product_cat","embeddable":true,"href":"https:\/\/gmiinfo.com\/fr\/wp-json\/wp\/v2\/product_cat?post=6999"},{"taxonomy":"product_tag","embeddable":true,"href":"https:\/\/gmiinfo.com\/fr\/wp-json\/wp\/v2\/product_tag?post=6999"}],"curies":[{"name":"wp","href":"https:\/\/api.w.org\/{rel}","templated":true}]}}