{"id":6991,"date":"2022-01-22T16:47:37","date_gmt":"2022-01-22T15:47:37","guid":{"rendered":"https:\/\/gmiinfo.com\/?post_type=product&#038;p=6991"},"modified":"2022-01-22T16:47:38","modified_gmt":"2022-01-22T15:47:38","slug":"sandisk-flash-disque-16-go","status":"publish","type":"product","link":"https:\/\/gmiinfo.com\/fr\/produit\/sandisk-flash-disque-16-go\/","title":{"rendered":"Sandisk Flash Disque &#8211; 16 Go"},"content":{"rendered":"<p>Avec un\u00a0taux de transfert 2.0 et installation\u00a0<strong>Plug and Play<\/strong><\/p>\n<p>Pen Drive SanDisk lame de 16 Go est l&#8217;\u00a0un de la cat\u00e9gorie la\u00a0plus compacte<\/p>\n<p>Avec toute cette capacit\u00e9, partager avec vos amis et votre\u00a0famille vos photos, votre musique pr\u00e9f\u00e9r\u00e9e et vos vid\u00e9os les\u00a0plus dr\u00f4les de mani\u00e8re simple et rapide.\u00a0Pour ce faire, branchez-le simplement sur un port USB du p\u00e9riph\u00e9rique de votre choix.<\/p>\n<p>C\u2019est gr\u00e2ce \u00e0 la technologie Plug and Play qui permet \u00e0 l\u2019ordinateur de reconna\u00eetre et de configurer automatiquement votre p\u00e9riph\u00e9rique, ce qui \u00e9limine la configuration manuelle.<\/p>\n<p>Compatibilit\u00e9 avec Linux, Macintosh et Microsoft Windows.<\/p>","protected":false},"excerpt":{"rendered":"<ul>\n<li>Flash Disque<\/li>\n<li>Types de connecteur :\u00a0USB de type A<\/li>\n<li>Capacit\u00e9 : 16Go<\/li>\n<li>Interface :\u00a0USB 2.0<\/li>\n<li>Compatible avec diff\u00e9rent Syst\u00e8mes d&#8217;exploitations<\/li>\n<\/ul>","protected":false},"featured_media":6995,"template":"","meta":[],"product_cat":[241,450],"product_tag":[],"class_list":["post-6991","product","type-product","status-publish","has-post-thumbnail","hentry","product_cat-accessoires-telephones","product_cat-cles-usb"],"_links":{"self":[{"href":"https:\/\/gmiinfo.com\/fr\/wp-json\/wp\/v2\/product\/6991","targetHints":{"allow":["GET"]}}],"collection":[{"href":"https:\/\/gmiinfo.com\/fr\/wp-json\/wp\/v2\/product"}],"about":[{"href":"https:\/\/gmiinfo.com\/fr\/wp-json\/wp\/v2\/types\/product"}],"wp:featuredmedia":[{"embeddable":true,"href":"https:\/\/gmiinfo.com\/fr\/wp-json\/wp\/v2\/media\/6995"}],"wp:attachment":[{"href":"https:\/\/gmiinfo.com\/fr\/wp-json\/wp\/v2\/media?parent=6991"}],"wp:term":[{"taxonomy":"product_cat","embeddable":true,"href":"https:\/\/gmiinfo.com\/fr\/wp-json\/wp\/v2\/product_cat?post=6991"},{"taxonomy":"product_tag","embeddable":true,"href":"https:\/\/gmiinfo.com\/fr\/wp-json\/wp\/v2\/product_tag?post=6991"}],"curies":[{"name":"wp","href":"https:\/\/api.w.org\/{rel}","templated":true}]}}