{"id":6979,"date":"2022-01-22T13:14:22","date_gmt":"2022-01-22T12:14:22","guid":{"rendered":"https:\/\/gmiinfo.com\/?post_type=product&#038;p=6979"},"modified":"2022-01-22T13:14:22","modified_gmt":"2022-01-22T12:14:22","slug":"sandisk-carte-memoire-ultra-class-10-16gb-80mb-s","status":"publish","type":"product","link":"https:\/\/gmiinfo.com\/fr\/produit\/sandisk-carte-memoire-ultra-class-10-16gb-80mb-s\/","title":{"rendered":"Sandisk Carte m\u00e9moire ultra class 10 16GB &#8211; 80mb\/s"},"content":{"rendered":"<p>Carte m\u00e9moires\u00a0 SanDisk Ultra originale , La carte\u00a0<b>microSD<\/b>\u00a0est presque quatre fois plus petite qu\u2019une carte SD. Elle est devenue la derni\u00e8re r\u00e9f\u00e9rence en termes de m\u00e9moire flash SD sp\u00e9cialement destin\u00e9e aux t\u00e9l\u00e9phones portables et autres appareils ultra fins. Comme la carte miniSD, la carte microSD est id\u00e9ale pour stocker des fichiers multim\u00e9dias (musique, vid\u00e9os, photographies) sur des t\u00e9l\u00e9phones portables compatibles.<\/p>","protected":false},"excerpt":{"rendered":"<ul>\n<li>Cartes m\u00e9moire SanDisk Ultra\u00a0 Micro SDHC<\/li>\n<li>Avec adaptateur<\/li>\n<li>Capacit\u00e9 16 Go<\/li>\n<li>Class10<\/li>\n<li>Vitesse de Lecture Jusqu&#8217;\u00e0 80Mb\/s<\/li>\n<li>Supporte la r\u00e9solution 1080p<\/li>\n<li>Full HD photo video<\/li>\n<\/ul>","protected":false},"featured_media":6985,"template":"","meta":[],"product_cat":[415,241,449],"product_tag":[],"class_list":["post-6979","product","type-product","status-publish","has-post-thumbnail","hentry","product_cat-accessoires-gaming","product_cat-accessoires-telephones","product_cat-carte-memoire"],"_links":{"self":[{"href":"https:\/\/gmiinfo.com\/fr\/wp-json\/wp\/v2\/product\/6979","targetHints":{"allow":["GET"]}}],"collection":[{"href":"https:\/\/gmiinfo.com\/fr\/wp-json\/wp\/v2\/product"}],"about":[{"href":"https:\/\/gmiinfo.com\/fr\/wp-json\/wp\/v2\/types\/product"}],"wp:featuredmedia":[{"embeddable":true,"href":"https:\/\/gmiinfo.com\/fr\/wp-json\/wp\/v2\/media\/6985"}],"wp:attachment":[{"href":"https:\/\/gmiinfo.com\/fr\/wp-json\/wp\/v2\/media?parent=6979"}],"wp:term":[{"taxonomy":"product_cat","embeddable":true,"href":"https:\/\/gmiinfo.com\/fr\/wp-json\/wp\/v2\/product_cat?post=6979"},{"taxonomy":"product_tag","embeddable":true,"href":"https:\/\/gmiinfo.com\/fr\/wp-json\/wp\/v2\/product_tag?post=6979"}],"curies":[{"name":"wp","href":"https:\/\/api.w.org\/{rel}","templated":true}]}}