{"id":6969,"date":"2022-01-21T17:45:11","date_gmt":"2022-01-21T16:45:11","guid":{"rendered":"https:\/\/gmiinfo.com\/?post_type=product&#038;p=6969"},"modified":"2025-01-07T01:40:28","modified_gmt":"2025-01-07T00:40:28","slug":"adaptateur-vga-vers-hdmi-audio","status":"publish","type":"product","link":"https:\/\/gmiinfo.com\/fr\/produit\/adaptateur-vga-vers-hdmi-audio\/","title":{"rendered":"Adaptateur VGA vers HDMI+ Audio"},"content":{"rendered":"<p>Adaptateur VGA vers HDMI+ Audio &#8211; Noir<\/p>\n<p>Ce produit est le nouveau c\u00e2ble de conversion\u00a0<strong>VGA \u00e0 HDMI<\/strong>\u00a0avec audio USB en version portable compacte. Il convertit la sortie du signal analogique VGA de la plupart des PC et des ordinateurs portables en entr\u00e9e de signal num\u00e9rique HDMI de votre t\u00e9l\u00e9viseur haute d\u00e9finition, fonctionne facilement et commod\u00e9ment.<\/p>","protected":false},"excerpt":{"rendered":"<ul>\n<li>Adaptateur VGA+Audio vers HDMI.<\/li>\n<li>Connectez un p\u00e9riph\u00e9rique VGA \u00e0 un port HDMI<\/li>\n<li>Supporte l&#8217;audio via c\u00e2ble Jack st\u00e9r\u00e9o.<\/li>\n<li>Alimentation via port USB.<\/li>\n<li>Supporte jusqu&#8217;\u00e0 1080p<\/li>\n<\/ul>","protected":false},"featured_media":6970,"template":"","meta":[],"product_cat":[446],"product_tag":[],"class_list":["post-6969","product","type-product","status-publish","has-post-thumbnail","hentry","product_cat-adaptateurs"],"_links":{"self":[{"href":"https:\/\/gmiinfo.com\/fr\/wp-json\/wp\/v2\/product\/6969","targetHints":{"allow":["GET"]}}],"collection":[{"href":"https:\/\/gmiinfo.com\/fr\/wp-json\/wp\/v2\/product"}],"about":[{"href":"https:\/\/gmiinfo.com\/fr\/wp-json\/wp\/v2\/types\/product"}],"wp:featuredmedia":[{"embeddable":true,"href":"https:\/\/gmiinfo.com\/fr\/wp-json\/wp\/v2\/media\/6970"}],"wp:attachment":[{"href":"https:\/\/gmiinfo.com\/fr\/wp-json\/wp\/v2\/media?parent=6969"}],"wp:term":[{"taxonomy":"product_cat","embeddable":true,"href":"https:\/\/gmiinfo.com\/fr\/wp-json\/wp\/v2\/product_cat?post=6969"},{"taxonomy":"product_tag","embeddable":true,"href":"https:\/\/gmiinfo.com\/fr\/wp-json\/wp\/v2\/product_tag?post=6969"}],"curies":[{"name":"wp","href":"https:\/\/api.w.org\/{rel}","templated":true}]}}