{"id":6964,"date":"2022-01-21T17:27:31","date_gmt":"2022-01-21T16:27:31","guid":{"rendered":"https:\/\/gmiinfo.com\/?post_type=product&#038;p=6964"},"modified":"2022-04-14T11:46:43","modified_gmt":"2022-04-14T09:46:43","slug":"cable-hdmi-vga-avec-audio","status":"publish","type":"product","link":"https:\/\/gmiinfo.com\/fr\/produit\/cable-hdmi-vga-avec-audio\/","title":{"rendered":"C\u00e2ble HDMI &#8211; VGA Avec Audio"},"content":{"rendered":"<p>HDMI vers VGA: Connecter ordinateur ou jeux vid\u00e9o avec interface HDMI \u00e0 projecteur, affichage, \u00e9cran LCD, t\u00e9l\u00e9viseur et moniteur avec interface VGA. Ce qui vous permet de jouer aux jeux vid\u00e9o ou voir un film sur un grand \u00e9cran<\/p>\n<p>Haute D\u00e9finition: Il supporte les d\u00e9finitions jusqu&#8217;\u00e0 1920 x 1080 @ 60Hz (max) et comprend 720p et 1600 x 1200 pour moniteurs HD ou projecteurs<\/p>\n<p>Compatibilit\u00e9 Forte: Le port HDMI compatible avec PC, ordinateur portable, Ultrabook, lecteur multim\u00e9dia Roku, Smart TV Box et autres appareils avec interface HDMI. Le port VGA male peut \u00eatre connect\u00e9 \u00e0 un projecteur, HDTV, moniteurs et autres appareils avec le port VGA m\u00e2le<\/p>\n<p>Solide and Pratique: Les prises sont solides, r\u00e9sistantes \u00e0 la corrosion, pas de risque qu&#8217;il se d\u00e9branche tout seul, am\u00e9liorent les performances de transmission de signal. Il n&#8217;y a pas d&#8217;installation de logiciel pilote pour l&#8217;\u00e9diteur.<\/p>","protected":false},"excerpt":{"rendered":"<ul>\n<li>Il supporte les d\u00e9finitions jusqu&#8217;\u00e0 1920 x 1080 @ 60Hz (max)<\/li>\n<li>Et comprend 720p et 1600 x 1200 pour moniteurs HD ou projecteurs<\/li>\n<li>Compatibilit\u00e9 Forte: Le port HDMI compatible avec PC, ordinateur portable<\/li>\n<li>Ultrabook, lecteur multim\u00e9dia Roku, Smart TV Box et autres appareils avec interface HDMI<\/li>\n<li>Le port VGA male peut \u00eatre connect\u00e9 \u00e0 un projecteur, HDTV, moniteurs et autres appareils avec le port VGA m\u00e2le<\/li>\n<\/ul>","protected":false},"featured_media":6965,"template":"","meta":[],"product_cat":[446],"product_tag":[],"class_list":["post-6964","product","type-product","status-publish","has-post-thumbnail","hentry","product_cat-adaptateurs"],"_links":{"self":[{"href":"https:\/\/gmiinfo.com\/fr\/wp-json\/wp\/v2\/product\/6964","targetHints":{"allow":["GET"]}}],"collection":[{"href":"https:\/\/gmiinfo.com\/fr\/wp-json\/wp\/v2\/product"}],"about":[{"href":"https:\/\/gmiinfo.com\/fr\/wp-json\/wp\/v2\/types\/product"}],"wp:featuredmedia":[{"embeddable":true,"href":"https:\/\/gmiinfo.com\/fr\/wp-json\/wp\/v2\/media\/6965"}],"wp:attachment":[{"href":"https:\/\/gmiinfo.com\/fr\/wp-json\/wp\/v2\/media?parent=6964"}],"wp:term":[{"taxonomy":"product_cat","embeddable":true,"href":"https:\/\/gmiinfo.com\/fr\/wp-json\/wp\/v2\/product_cat?post=6964"},{"taxonomy":"product_tag","embeddable":true,"href":"https:\/\/gmiinfo.com\/fr\/wp-json\/wp\/v2\/product_tag?post=6964"}],"curies":[{"name":"wp","href":"https:\/\/api.w.org\/{rel}","templated":true}]}}