{"id":6962,"date":"2022-01-21T17:16:00","date_gmt":"2022-01-21T16:16:00","guid":{"rendered":"https:\/\/gmiinfo.com\/?post_type=product&#038;p=6962"},"modified":"2022-01-21T17:16:00","modified_gmt":"2022-01-21T16:16:00","slug":"tapis-gamer-wild-wolf-gris","status":"publish","type":"product","link":"https:\/\/gmiinfo.com\/fr\/produit\/tapis-gamer-wild-wolf-gris\/","title":{"rendered":"Tapis gamer &#8211; Wild Wolf  &#8211; Gris"},"content":{"rendered":"<p>Tapis gamer &#8211;\u00a0<strong>Wild Wolf<\/strong>\u00a0&#8211; 300 x 250 mm\u00a0&#8211; Gris<\/p>\n<p>&nbsp;<\/p>\n<p>Balance parfaite entre frottement et glissement. Id\u00e9al aussi pour les graphiques designers. Performance optimale pour les jeux, am\u00e9liore la pr\u00e9cision et la vitesse de la souris.\u00a0Grande taille pour un espace de travail plus grand<\/p>","protected":false},"excerpt":{"rendered":"<ul>\n<li>Tapis de souris Wild Wolf pour gaming<\/li>\n<li>Compatible avec tous les types de souris<\/li>\n<li>Dimensions 30 x 25 cm<\/li>\n<li>Couleur: gris<\/li>\n<li>Sp\u00e9cifications \u00e9paisseur de 3 mm<\/li>\n<\/ul>","protected":false},"featured_media":6963,"template":"","meta":[],"product_cat":[415,444],"product_tag":[],"class_list":["post-6962","product","type-product","status-publish","has-post-thumbnail","hentry","product_cat-accessoires-gaming","product_cat-tapis"],"_links":{"self":[{"href":"https:\/\/gmiinfo.com\/fr\/wp-json\/wp\/v2\/product\/6962","targetHints":{"allow":["GET"]}}],"collection":[{"href":"https:\/\/gmiinfo.com\/fr\/wp-json\/wp\/v2\/product"}],"about":[{"href":"https:\/\/gmiinfo.com\/fr\/wp-json\/wp\/v2\/types\/product"}],"wp:featuredmedia":[{"embeddable":true,"href":"https:\/\/gmiinfo.com\/fr\/wp-json\/wp\/v2\/media\/6963"}],"wp:attachment":[{"href":"https:\/\/gmiinfo.com\/fr\/wp-json\/wp\/v2\/media?parent=6962"}],"wp:term":[{"taxonomy":"product_cat","embeddable":true,"href":"https:\/\/gmiinfo.com\/fr\/wp-json\/wp\/v2\/product_cat?post=6962"},{"taxonomy":"product_tag","embeddable":true,"href":"https:\/\/gmiinfo.com\/fr\/wp-json\/wp\/v2\/product_tag?post=6962"}],"curies":[{"name":"wp","href":"https:\/\/api.w.org\/{rel}","templated":true}]}}