{"id":6953,"date":"2022-01-21T17:24:26","date_gmt":"2022-01-21T16:24:26","guid":{"rendered":"https:\/\/gmiinfo.com\/?post_type=product&#038;p=6953"},"modified":"2022-01-25T11:11:29","modified_gmt":"2022-01-25T10:11:29","slug":"chargeur-secteur-12v-3a","status":"publish","type":"product","link":"https:\/\/gmiinfo.com\/fr\/produit\/chargeur-secteur-12v-3a\/","title":{"rendered":"Chargeur secteur 12V 3A"},"content":{"rendered":"<p>Cet adaptateur d\u2019alimentation est sp\u00e9cialement con\u00e7u pour les bandes lumineuses \u00e0 DEL. Adaptateur de convertisseur d\u2019alimentation CA 100-240V \u00e0 DC 12V 3A pour bandes lumineuses \u00e0 LED. Pour le routeur Light Strip \/ Wireless Led, les chats ADSL, le HUB, les commutateurs, les cam\u00e9ras de s\u00e9curit\u00e9. Alimentation audio \/ vid\u00e9o.<br \/>\nEntr\u00e9e: 100 ~ 240V AC, 50 \/ 60Hz.<br \/>\nSortie: 12V CC, 3A.<br \/>\nPrise: norme am\u00e9ricaine, norme europ\u00e9enne (en option).<br \/>\nCet adaptateur d\u2019alimentation est sp\u00e9cialement con\u00e7u pour les bandes lumineuses LED.<br \/>\nSp\u00e9cifications:<br \/>\nCondition: Nouveau<br \/>\nCouleur: noir<br \/>\nActuel: 3A<br \/>\nTension de sortie: 12V CC<br \/>\nTension d&#8217;entr\u00e9e: 100-240V AC<br \/>\nFr\u00e9quence: 50-60Hz<br \/>\nPrise: norme am\u00e9ricaine, norme europ\u00e9enne (en option).<br \/>\nTaille de connexion: env. 5.5 * 2.5mm \/ 0.22 * 0.1in<br \/>\nLongueur du c\u00e2ble: env. 1 M<br \/>\nTaille de l\u2019adaptateur (L xl): Env. 7,9 x 5 cm \/ 3,11 x 1,97<b>Note:<\/b>\u00a0S&#8217;il vous pla\u00eet assurez-vous que votre appareil correspond \u00e0 cette interface du produit avant d&#8217;acheter.<\/p>","protected":false},"excerpt":{"rendered":"<article class=\"col8 -pvs\">\n<div class=\"card-b -fh\">\n<div class=\"markup -pam\">\n<ul>\n<li>Cet adaptateur d\u2019alimentation est sp\u00e9cialement con\u00e7u pour les bandes lumineuses \u00e0 DEL. Adaptateur de convertisseur d\u2019alimentation CA 100-240V \u00e0 DC 12V 3A pour bandes lumineuses \u00e0 LED. &amp; Nbsp; Pour le routeur Light Strip \/ Wireless Led, les chats ADSL, le HUB, les commutateurs, les cam\u00e9ras de s\u00e9curit\u00e9. Alimentation audio \/ vid\u00e9o.<\/li>\n<li>Entr\u00e9e: 100 ~ 240V AC, 50 \/ 60Hz.<\/li>\n<li>Sortie: 12V CC, 3A.<\/li>\n<li>Prise: norme am\u00e9ricaine, norme europ\u00e9enne (en option).<\/li>\n<li>Cet adaptateur d\u2019alimentation est sp\u00e9cialement con\u00e7u pour les bandes lumineuses LED.<\/li>\n<li>Sp\u00e9cifications:<\/li>\n<li>Condition: Nouveau<\/li>\n<li>Couleur: noir<\/li>\n<li>Actuel: 3A<\/li>\n<li>Tension de sortie: 12V CC<\/li>\n<li>Tension d&#8217;entr\u00e9e: 100-240V AC<\/li>\n<li>Fr\u00e9quence: 50-60Hz<\/li>\n<li>Prise: norme am\u00e9ricaine, norme europ\u00e9enne (en option).<\/li>\n<li>Taille de connexion: env. 5.5 * 2.5mm \/ 0.22 * 0.1in<\/li>\n<li>Longueur du c\u00e2ble: env. 1 M<\/li>\n<li>Taille de l\u2019adaptateur (L xl): Env. 7,9 x 5 cm \/ 3,11 x 1,97<\/li>\n<\/ul>\n<\/div>\n<\/div>\n<\/article>\n<article class=\"col8 -pvs\">\n<div class=\"card-b -fh\"><\/div>\n<\/article>\n<article class=\"col8 -pvs\">\n<div class=\"card-b -fh\">\n<h2 class=\"hdr -upp -fs14 -m -pam\"><\/h2>\n<\/div>\n<\/article>","protected":false},"featured_media":6966,"template":"","meta":[],"product_cat":[251],"product_tag":[],"class_list":["post-6953","product","type-product","status-publish","has-post-thumbnail","hentry","product_cat-chargeurs-et-cables"],"_links":{"self":[{"href":"https:\/\/gmiinfo.com\/fr\/wp-json\/wp\/v2\/product\/6953","targetHints":{"allow":["GET"]}}],"collection":[{"href":"https:\/\/gmiinfo.com\/fr\/wp-json\/wp\/v2\/product"}],"about":[{"href":"https:\/\/gmiinfo.com\/fr\/wp-json\/wp\/v2\/types\/product"}],"wp:featuredmedia":[{"embeddable":true,"href":"https:\/\/gmiinfo.com\/fr\/wp-json\/wp\/v2\/media\/6966"}],"wp:attachment":[{"href":"https:\/\/gmiinfo.com\/fr\/wp-json\/wp\/v2\/media?parent=6953"}],"wp:term":[{"taxonomy":"product_cat","embeddable":true,"href":"https:\/\/gmiinfo.com\/fr\/wp-json\/wp\/v2\/product_cat?post=6953"},{"taxonomy":"product_tag","embeddable":true,"href":"https:\/\/gmiinfo.com\/fr\/wp-json\/wp\/v2\/product_tag?post=6953"}],"curies":[{"name":"wp","href":"https:\/\/api.w.org\/{rel}","templated":true}]}}