{"id":6951,"date":"2022-01-21T16:01:16","date_gmt":"2022-01-21T15:01:16","guid":{"rendered":"https:\/\/gmiinfo.com\/?post_type=product&#038;p=6951"},"modified":"2025-08-10T19:11:43","modified_gmt":"2025-08-10T17:11:43","slug":"chargeur-iphone-usb-c-complet-20w","status":"publish","type":"product","link":"https:\/\/gmiinfo.com\/fr\/produit\/chargeur-iphone-usb-c-complet-20w\/","title":{"rendered":"Chargeur Iphone Usb-C complet 20w"},"content":{"rendered":"<p>C\u00e2ble de 1 m\u00e8tre Prise USB C* C\u00e2ble pour\u00a0<strong>iPhone<\/strong>\u00a0et\u00a0<strong>iPad<\/strong>\u00a0Tous les mod\u00e8les \u00e0 partir de 5, ligne S et Plus.Chargeur USB-C 20W iPhone 11 Pro Max Xr Xs Chargeur USB-c Apple iPad Pro 20w Fonctionne avec tout mod\u00e8le d&#8217;iPhone, connexion iPad Lightning. Base 20w FICHE TECHNIQUE Couleur : Blanc Connexion : USB-C Marque : Generico Sortie de sortie : 20W Entr\u00e9e : 100-240 &#8211; 50\/60 Hz COMPATIBILIT\u00c9 Iphone 11 ProIphone 11 Pro MaxIphone 11Iphone XSIphone XS MaxIphone XRIphone XIphone 8 Plus Mod\u00e8les iPad Air (3\u00e8me g\u00e9n\u00e9ration) Ipad mini (5\u00e8me g\u00e9n\u00e9ration) iPad Pro 11 pouces iPad Pro 12,9 pouces (3\u00e8me g\u00e9n\u00e9ration) iPad Pro 10,5 pouces (7\u00e8me g\u00e9n\u00e9ration) iPad Pro 12,9 pouces (2\u00e8me g\u00e9n\u00e9ration) Ipad Pro 12,9 pouces (1\u00e8re g\u00e9n\u00e9ration) Chargeur iPhone Source 20W. Avec un design ultra-compact, produit dans le standard br\u00e9silien des points de vente.<\/p>\n<p>Il vous permet de recharger votre appareil Apple rapidement et efficacement, alimentation bivolt 110v et 220v. \u00c9l\u00e9ments inclus : alimentation et c\u00e2ble C\u00e2ble USB-C vers Lightning (1 m) Connectez votre iPhone, iPad ou iPod avec connecteur Lightning \u00e0 Mac avec un port USB-C ou Thunderbolt 3 (USB-C) pour recharger et synchroniser. Vous pouvez \u00e9galement les connecter \u00e0 votre iPad avec un port USB-C pour les recharger.<\/p>\n<p>Vous pouvez \u00e9galement utiliser ce c\u00e2ble avec l&#8217;adaptateur secteur Apple USB-C 18W, 20W, 29W, 30W, 61W, 87W ou 96W pour recharger votre appareil iOS tout en profitant de la fonction de recharge rapide sur certains iPhone et iPad. Sp\u00e9cifications LightningUSB-C Contenu1 Chargeur USB-C 20 W 1 C\u00e2ble USB-C vers Lightning (1 m) iPad ou iPod avec connecteur Lightning vers Mac avec port USB-C ou Thunderbolt 3 (USB-C) pour le chargement et la synchronisation. Vous pouvez \u00e9galement les connecter \u00e0 votre iPad avec un port USB-C pour les recharger.<\/p>\n<p>Vous pouvez \u00e9galement utiliser ce c\u00e2ble avec l&#8217;adaptateur secteur Apple USB-C 18W, 20W, 29W, 30W, 61W, 87W ou 96W pour recharger votre appareil iOS tout en profitant de la fonction de recharge rapide sur certains iPhone et iPad. Sp\u00e9cifications LightningUSB-C Contenu1 Chargeur USB-C 20 W 1 C\u00e2ble USB-C vers Lightning (1 m) iPad ou iPod avec connecteur Lightning vers Mac avec port USB-C ou Thunderbolt 3 (USB-C) pour le chargement et la synchronisation.<\/p>\n<p>Vous pouvez \u00e9galement les connecter \u00e0 votre iPad avec un port USB-C pour les recharger. Vous pouvez \u00e9galement utiliser ce c\u00e2ble avec l&#8217;adaptateur secteur Apple USB-C 18W, 20W, 29W, 30W, 61W, 87W ou 96W pour recharger votre appareil iOS tout en profitant de la fonction de recharge rapide sur certains iPhone et iPad. Sp\u00e9cifications LightningUSB-C Contenu1 Chargeur USB-C 20 W 1 C\u00e2ble USB-C vers Lightning (1 m) 87W ou 96W pour recharger votre appareil avec iOS tout en profitant de la fonction de recharge rapide sur certains mod\u00e8les d&#8217;iPhone et d&#8217;iPad.<\/p>\n<p>Sp\u00e9cifications LightningUSB-C Contenu1 Chargeur USB-C 20 W 1 C\u00e2ble USB-C vers Lightning (1 m) 87W ou 96W pour recharger votre appareil avec iOS tout en profitant de la fonction de recharge rapide sur certains mod\u00e8les d&#8217;iPhone et d&#8217;iPad. Sp\u00e9cifications LightningUSB-C Contenu1 Chargeur USB-C 20 W 1 C\u00e2ble USB-C vers Lightning (1 m)<\/p>","protected":false},"excerpt":{"rendered":"<ul>\n<li>Chargeur rapide pour iPhone 12\/12Pro\/12Pro Max\/ 12 Mini\/11\/11Pro\/11 Pro Max etc &#8230;<\/li>\n<li>Interface de Sortie : USB Type C<\/li>\n<li>Sortie : 5V \/3A ou\u00a09V\/2.22A<\/li>\n<li>Puissance : 20 W<\/li>\n<li>Couleur : Blanc<\/li>\n<li>Fonction de charge rapide PD 3.0<\/li>\n<li>bonne performance de s\u00e9curit\u00e9 Et haute fiabilit\u00e9<\/li>\n<li>la coque est faite de Mat\u00e9riaux ignifuges, plus s\u00fbrs, \u00e9tanches \u00e0 l&#8217;humidit\u00e9 et \u00e0 la poussi\u00e8re D&#8217;empotage.<\/li>\n<li>Plein courant, plein Puissance, temps de charge plus court.<\/li>\n<li>Ultra-faible \u00e0 vide et Perte d&#8217;\u00e9nergie en veille.<\/li>\n<li>Bon anti-interf\u00e9rence Performance, filtre anti-interf\u00e9rence \u00e9lectromagn\u00e9tique int\u00e9gr\u00e9.<\/li>\n<li>Tension d&#8217;entr\u00e9e large Gamme, tous 100-240V, conform\u00e9ment aux normes mondiales.<\/li>\n<li>Le primaire et La performance d&#8217;isolation secondaire est bonne, et le transformateur \u00e0 haute fr\u00e9quence Est 100% impr\u00e9gn\u00e9 sous vide.<\/li>\n<li>Pleine charge \u00e9lev\u00e9e Temp\u00e9rature de rodage, test de vieillissement \u00e0 100%.<\/li>\n<li>Avec surtension, sur Fonctions de protection contre le courant, la surpuissance et les courts-circuits.<\/li>\n<\/ul>","protected":false},"featured_media":6950,"template":"","meta":[],"product_cat":[241,251],"product_tag":[],"class_list":["post-6951","product","type-product","status-publish","has-post-thumbnail","hentry","product_cat-accessoires-telephones","product_cat-chargeurs-et-cables"],"_links":{"self":[{"href":"https:\/\/gmiinfo.com\/fr\/wp-json\/wp\/v2\/product\/6951","targetHints":{"allow":["GET"]}}],"collection":[{"href":"https:\/\/gmiinfo.com\/fr\/wp-json\/wp\/v2\/product"}],"about":[{"href":"https:\/\/gmiinfo.com\/fr\/wp-json\/wp\/v2\/types\/product"}],"wp:featuredmedia":[{"embeddable":true,"href":"https:\/\/gmiinfo.com\/fr\/wp-json\/wp\/v2\/media\/6950"}],"wp:attachment":[{"href":"https:\/\/gmiinfo.com\/fr\/wp-json\/wp\/v2\/media?parent=6951"}],"wp:term":[{"taxonomy":"product_cat","embeddable":true,"href":"https:\/\/gmiinfo.com\/fr\/wp-json\/wp\/v2\/product_cat?post=6951"},{"taxonomy":"product_tag","embeddable":true,"href":"https:\/\/gmiinfo.com\/fr\/wp-json\/wp\/v2\/product_tag?post=6951"}],"curies":[{"name":"wp","href":"https:\/\/api.w.org\/{rel}","templated":true}]}}