{"id":6945,"date":"2022-01-21T15:53:26","date_gmt":"2022-01-21T14:53:26","guid":{"rendered":"https:\/\/gmiinfo.com\/?post_type=product&#038;p=6945"},"modified":"2022-01-21T15:53:26","modified_gmt":"2022-01-21T14:53:26","slug":"tete-chargeur-apple-usb","status":"publish","type":"product","link":"https:\/\/gmiinfo.com\/fr\/produit\/tete-chargeur-apple-usb\/","title":{"rendered":"T\u00eate Chargeur Apple &#8211; USB"},"content":{"rendered":"<p><strong>Chargeur Alimentation USB pour toutes les IPhone<\/strong><\/p>\n<p>Fast charge\u00a0for pour iphone \u00a0offre une solution de charge rapide et efficace, au bureau, \u00e0 la maison ou en d\u00e9placement. S\u2019il est compatible avec n\u2019importe quel appareil\u00a0USB\u2011C, Apple recommande toutefois de l\u2019associer \u00e0 l\u2019iPad\u00a0Pro et \u00e0 l\u2019iPad\u00a0Air pour b\u00e9n\u00e9ficier de performances de charge optimales. Vous pouvez \u00e9galement l\u2019utiliser avec l\u2019iPhone\u00a08 (ou mod\u00e8le ult\u00e9rieur) pour tirer parti de la fonctionnalit\u00e9 de charge rapide<\/p>\n<p>L\u2019adaptateur \u00a0apporte un r\u00e9el gain de temps par rapport les autres. Si vous devez acheter un adaptateur, c\u2019est donc celui que nous vous conseillons.<\/p>\n<p>C\u00e2ble de charge vendu s\u00e9par\u00e9ment.<\/p>","protected":false},"excerpt":{"rendered":"<ul>\n<li>Cet adaptateur secteur compact offre une solution de recharge :<\/li>\n<li>Rapide<\/li>\n<li>Et efficace, au bureau, \u00e0 la maison ou en d\u00e9placement.<\/li>\n<li>Compatible ,iPhone iPod<\/li>\n<li>Charge rapide<\/li>\n<\/ul>","protected":false},"featured_media":6949,"template":"","meta":[],"product_cat":[241,251],"product_tag":[],"class_list":["post-6945","product","type-product","status-publish","has-post-thumbnail","hentry","product_cat-accessoires-telephones","product_cat-chargeurs-et-cables"],"_links":{"self":[{"href":"https:\/\/gmiinfo.com\/fr\/wp-json\/wp\/v2\/product\/6945","targetHints":{"allow":["GET"]}}],"collection":[{"href":"https:\/\/gmiinfo.com\/fr\/wp-json\/wp\/v2\/product"}],"about":[{"href":"https:\/\/gmiinfo.com\/fr\/wp-json\/wp\/v2\/types\/product"}],"wp:featuredmedia":[{"embeddable":true,"href":"https:\/\/gmiinfo.com\/fr\/wp-json\/wp\/v2\/media\/6949"}],"wp:attachment":[{"href":"https:\/\/gmiinfo.com\/fr\/wp-json\/wp\/v2\/media?parent=6945"}],"wp:term":[{"taxonomy":"product_cat","embeddable":true,"href":"https:\/\/gmiinfo.com\/fr\/wp-json\/wp\/v2\/product_cat?post=6945"},{"taxonomy":"product_tag","embeddable":true,"href":"https:\/\/gmiinfo.com\/fr\/wp-json\/wp\/v2\/product_tag?post=6945"}],"curies":[{"name":"wp","href":"https:\/\/api.w.org\/{rel}","templated":true}]}}