{"id":6942,"date":"2022-01-21T15:45:32","date_gmt":"2022-01-21T14:45:32","guid":{"rendered":"https:\/\/gmiinfo.com\/?post_type=product&#038;p=6942"},"modified":"2022-08-22T16:04:03","modified_gmt":"2022-08-22T14:04:03","slug":"adaptateur-usb-c-18w-blanc","status":"publish","type":"product","link":"https:\/\/gmiinfo.com\/fr\/produit\/adaptateur-usb-c-18w-blanc\/","title":{"rendered":"Adaptateur USB-c &#8211; 18W &#8211; Blanc"},"content":{"rendered":"<p><b>Adaptateur USB-c &#8211; 18W &#8211; Blanc\u00a0<\/b><\/p>\n<p><img decoding=\"async\" src=\"https:\/\/encrypted-tbn0.gstatic.com\/images?q=tbn:ANd9GcREVt5pEjHQE0M5iOub_NsUh1dctKY-Zau3Aw&amp;usqp=CAU\" alt=\"\" data-src=\"https:\/\/encrypted-tbn0.gstatic.com\/images?q=tbn:ANd9GcREVt5pEjHQE0M5iOub_NsUh1dctKY-Zau3Aw&amp;usqp=CAU\" \/><\/p>\n<p>Chargeur pour Apple USB-C PD 18W\u00a0 Chargeur secteur permettant une alimentation rapide et efficace. Compatible avec les smartphones et les tablettes dot\u00e9s d&#8217;une connectique USB Type C ou Lightning. Technologie Fast Charge Power Delivery permettant de charger un iPhone \u00e0 50% en 30 minutes. Recharge parfaitement s\u00e9curis\u00e9e gr\u00e2ce \u00e0 un syst\u00e8me de protection anti-surcharge et anti-surchauffe. Simple d&#8217;installation, il suffit de le brancher sur une prise murale ou une multiprise. N\u00e9cessite l&#8217;utilisation d&#8217;un c\u00e2ble avec un embout USB Type C (inclus) . Puissance de charge : 18W<\/p>","protected":false},"excerpt":{"rendered":"<ul>\n<li>Chargeur\u00a0pour Apple USB-C\u00a0PD 18W<\/li>\n<li>Amp\u00e9rage\u00a0: 2A<\/li>\n<li>Puissance\u00a0: 18 W<\/li>\n<li>Connecteur de sortie :\u00a0USB type C<\/li>\n<li>Couleur :\u00a0Blanc<\/li>\n<li>Compatibilit\u00e9 du produit :\u00a0Smartphones et tablettes dot\u00e9s d&#8217;une connectique USB Type C ou Lightning<\/li>\n<\/ul>","protected":false},"featured_media":6943,"template":"","meta":[],"product_cat":[241,251],"product_tag":[],"class_list":["post-6942","product","type-product","status-publish","has-post-thumbnail","hentry","product_cat-accessoires-telephones","product_cat-chargeurs-et-cables"],"_links":{"self":[{"href":"https:\/\/gmiinfo.com\/fr\/wp-json\/wp\/v2\/product\/6942","targetHints":{"allow":["GET"]}}],"collection":[{"href":"https:\/\/gmiinfo.com\/fr\/wp-json\/wp\/v2\/product"}],"about":[{"href":"https:\/\/gmiinfo.com\/fr\/wp-json\/wp\/v2\/types\/product"}],"wp:featuredmedia":[{"embeddable":true,"href":"https:\/\/gmiinfo.com\/fr\/wp-json\/wp\/v2\/media\/6943"}],"wp:attachment":[{"href":"https:\/\/gmiinfo.com\/fr\/wp-json\/wp\/v2\/media?parent=6942"}],"wp:term":[{"taxonomy":"product_cat","embeddable":true,"href":"https:\/\/gmiinfo.com\/fr\/wp-json\/wp\/v2\/product_cat?post=6942"},{"taxonomy":"product_tag","embeddable":true,"href":"https:\/\/gmiinfo.com\/fr\/wp-json\/wp\/v2\/product_tag?post=6942"}],"curies":[{"name":"wp","href":"https:\/\/api.w.org\/{rel}","templated":true}]}}