{"id":6912,"date":"2022-01-21T14:06:31","date_gmt":"2022-01-21T13:06:31","guid":{"rendered":"https:\/\/gmiinfo.com\/?post_type=product&#038;p=6912"},"modified":"2023-01-10T15:58:48","modified_gmt":"2023-01-10T14:58:48","slug":"xiaomi-mi-redmi-power-bank-20000-mah-charge-rapide-18w","status":"publish","type":"product","link":"https:\/\/gmiinfo.com\/fr\/produit\/xiaomi-mi-redmi-power-bank-20000-mah-charge-rapide-18w\/","title":{"rendered":"XIAOMI Mi Redmi &#8211; Power Bank 20000 MAh &#8211; Charge rapide &#8211; 18W"},"content":{"rendered":"<p><b>Mar<\/b>que\u00a0: xiaomi &#8211;\u00a0Mod\u00e8le: redmi power &#8211;\u00a0Capacit\u00e9: 20000 mAh<br \/>\nD\u2019une autonomie g\u00e9niale de 20000 mAh, le chargeur portable Ox Power est d\u2019une rapidit\u00e9 exceptionnelle. Faites le plein de la batterie, et profitez de sa puissance d\u00e9bordante, lors des pannes de courant. Solide et l\u00e9ger, vous pourrez le mettre dans vos poches. Il dispose d\u2019une protection contre la surchauffe et l\u2019inversion de polarit\u00e9. C\u2019est un chargeur durable, con\u00e7u par les meilleurs pour vous simplifier la vie.<\/p>","protected":false},"excerpt":{"rendered":"<ul>\n<li>Marque: Xiaomi<\/li>\n<li>Mod\u00e8le: Redmi<\/li>\n<li>Power Bank 20000mAh 18W<\/li>\n<li>Charge rapide<\/li>\n<li>Slim et ultra-mince<\/li>\n<li>Nombre de ports USB:<\/li>\n<li>18W<\/li>\n<li>Ports d&#8217;entr\u00e9e: Micro usb- Usb-C<\/li>\n<li>Interface d\u2019entr\u00e9e: Micro USB<\/li>\n<li>Coque: Alliage d\u2019Aluminium, ABS<\/li>\n<li>Poids net: 275g<\/li>\n<li>Compatible: iPhone, Samsung etc &#8230;.<\/li>\n<\/ul>","protected":false},"featured_media":6913,"template":"","meta":[],"product_cat":[241,242],"product_tag":[],"class_list":["post-6912","product","type-product","status-publish","has-post-thumbnail","hentry","product_cat-accessoires-telephones","product_cat-power-bank"],"_links":{"self":[{"href":"https:\/\/gmiinfo.com\/fr\/wp-json\/wp\/v2\/product\/6912","targetHints":{"allow":["GET"]}}],"collection":[{"href":"https:\/\/gmiinfo.com\/fr\/wp-json\/wp\/v2\/product"}],"about":[{"href":"https:\/\/gmiinfo.com\/fr\/wp-json\/wp\/v2\/types\/product"}],"wp:featuredmedia":[{"embeddable":true,"href":"https:\/\/gmiinfo.com\/fr\/wp-json\/wp\/v2\/media\/6913"}],"wp:attachment":[{"href":"https:\/\/gmiinfo.com\/fr\/wp-json\/wp\/v2\/media?parent=6912"}],"wp:term":[{"taxonomy":"product_cat","embeddable":true,"href":"https:\/\/gmiinfo.com\/fr\/wp-json\/wp\/v2\/product_cat?post=6912"},{"taxonomy":"product_tag","embeddable":true,"href":"https:\/\/gmiinfo.com\/fr\/wp-json\/wp\/v2\/product_tag?post=6912"}],"curies":[{"name":"wp","href":"https:\/\/api.w.org\/{rel}","templated":true}]}}