{"id":6910,"date":"2022-01-21T14:02:49","date_gmt":"2022-01-21T13:02:49","guid":{"rendered":"https:\/\/gmiinfo.com\/?post_type=product&#038;p=6910"},"modified":"2022-04-14T11:52:07","modified_gmt":"2022-04-14T09:52:07","slug":"foneng-power-bank-10000mah-2-ports-usb-noir","status":"publish","type":"product","link":"https:\/\/gmiinfo.com\/fr\/produit\/foneng-power-bank-10000mah-2-ports-usb-noir\/","title":{"rendered":"Foneng Power Bank &#8211; 10000mAh -2 Ports USB-NOIR"},"content":{"rendered":"<p>une nouvelle conception de lignes de grille, un moule priv\u00e9 exclusif,<\/p>\n<p>superbe processus d&#8217;injection de carburant multicouche, de haute qualit\u00e9, se sentir bien,<\/p>\n<p>double sortie USB, qui peut charger deux appareils de t\u00e9l\u00e9phonie mobile en m\u00eame temps,<\/p>\n<p>avec le syst\u00e8me de couleur classique, Chine rouge, saphir bleu, blanc pomme, tricolore en option<\/p>\n<p>emballage bo\u00eete cadeau\u00a0<b>haut de gamme<\/b><\/p>","protected":false},"excerpt":{"rendered":"<ul>\n<li><strong>\u00a0Power Bank MATE 100<\/strong><\/li>\n<li>Batterie Rechargeable<\/li>\n<li>capacit\u00e9 10000 mAh<\/li>\n<li>MODEL : Mate 100<\/li>\n<li>Colours : NOIR<\/li>\n<\/ul>","protected":false},"featured_media":6911,"template":"","meta":[],"product_cat":[241,242],"product_tag":[],"class_list":["post-6910","product","type-product","status-publish","has-post-thumbnail","hentry","product_cat-accessoires-telephones","product_cat-power-bank"],"_links":{"self":[{"href":"https:\/\/gmiinfo.com\/fr\/wp-json\/wp\/v2\/product\/6910","targetHints":{"allow":["GET"]}}],"collection":[{"href":"https:\/\/gmiinfo.com\/fr\/wp-json\/wp\/v2\/product"}],"about":[{"href":"https:\/\/gmiinfo.com\/fr\/wp-json\/wp\/v2\/types\/product"}],"wp:featuredmedia":[{"embeddable":true,"href":"https:\/\/gmiinfo.com\/fr\/wp-json\/wp\/v2\/media\/6911"}],"wp:attachment":[{"href":"https:\/\/gmiinfo.com\/fr\/wp-json\/wp\/v2\/media?parent=6910"}],"wp:term":[{"taxonomy":"product_cat","embeddable":true,"href":"https:\/\/gmiinfo.com\/fr\/wp-json\/wp\/v2\/product_cat?post=6910"},{"taxonomy":"product_tag","embeddable":true,"href":"https:\/\/gmiinfo.com\/fr\/wp-json\/wp\/v2\/product_tag?post=6910"}],"curies":[{"name":"wp","href":"https:\/\/api.w.org\/{rel}","templated":true}]}}