{"id":6908,"date":"2022-01-21T13:59:31","date_gmt":"2022-01-21T12:59:31","guid":{"rendered":"https:\/\/gmiinfo.com\/?post_type=product&#038;p=6908"},"modified":"2022-01-25T11:13:16","modified_gmt":"2022-01-25T10:13:16","slug":"sbox-adaptateur-audio-usb-2-0-jack","status":"publish","type":"product","link":"https:\/\/gmiinfo.com\/fr\/produit\/sbox-adaptateur-audio-usb-2-0-jack\/","title":{"rendered":"Sbox Adaptateur Audio USB 2.0 &#8211; Jack"},"content":{"rendered":"<p>Cet\u00a0<strong>adaptateur<\/strong> vous permet de connecter des enceintes ou \u00e9couteurs et un micro sur le port USB 2.0 d&#8217;un ordinateur.<br \/>\nGr\u00e2ce \u00e0 cette carte son externe en USB 2.0 \u00e9quip\u00e9e d&#8217;un son virtuel 3d 5.1 et de 2 prises jack 3,5mm pour entr\u00e9e et sortie casque\/micro, plus besoin d&#8217;une carte son interne !<br \/>\nIl vous suffit de la brancher directement \u00e0 un port USB libre et d&#8217;y connecter vos appareils pour un son parfait. prend en charge le son position 3d et Sound Track canal 5.1 virtuel.<br \/>\nPas besoin d&#8217;installer un logiciel, tout se fait automatiquement: plug &amp; Play<\/p>","protected":false},"excerpt":{"rendered":"<ul>\n<li>Compatibilit\u00e9: enceintes, micro casques, \u00e9couteurs&#8230;.<\/li>\n<li>Connectivit\u00e9: USB 2.0 \/ DOUBLE JACK<\/li>\n<li>Dimensions (L x H x P): 52 x 22 x 11 mm<\/li>\n<li>Dimensions produits avec packaging (L x H x P): 215 x 95 x 25 mm<\/li>\n<li>Fonction(s): Carte son virtuel 5.115<\/li>\n<\/ul>","protected":false},"featured_media":6909,"template":"","meta":[],"product_cat":[446],"product_tag":[],"class_list":["post-6908","product","type-product","status-publish","has-post-thumbnail","hentry","product_cat-adaptateurs"],"_links":{"self":[{"href":"https:\/\/gmiinfo.com\/fr\/wp-json\/wp\/v2\/product\/6908","targetHints":{"allow":["GET"]}}],"collection":[{"href":"https:\/\/gmiinfo.com\/fr\/wp-json\/wp\/v2\/product"}],"about":[{"href":"https:\/\/gmiinfo.com\/fr\/wp-json\/wp\/v2\/types\/product"}],"wp:featuredmedia":[{"embeddable":true,"href":"https:\/\/gmiinfo.com\/fr\/wp-json\/wp\/v2\/media\/6909"}],"wp:attachment":[{"href":"https:\/\/gmiinfo.com\/fr\/wp-json\/wp\/v2\/media?parent=6908"}],"wp:term":[{"taxonomy":"product_cat","embeddable":true,"href":"https:\/\/gmiinfo.com\/fr\/wp-json\/wp\/v2\/product_cat?post=6908"},{"taxonomy":"product_tag","embeddable":true,"href":"https:\/\/gmiinfo.com\/fr\/wp-json\/wp\/v2\/product_tag?post=6908"}],"curies":[{"name":"wp","href":"https:\/\/api.w.org\/{rel}","templated":true}]}}