{"id":6905,"date":"2022-01-21T13:52:45","date_gmt":"2022-01-21T12:52:45","guid":{"rendered":"https:\/\/gmiinfo.com\/?post_type=product&#038;p=6905"},"modified":"2022-01-21T13:53:35","modified_gmt":"2022-01-21T12:53:35","slug":"xiaomi-mi-router-4c","status":"publish","type":"product","link":"https:\/\/gmiinfo.com\/fr\/produit\/xiaomi-mi-router-4c\/","title":{"rendered":"Xiaomi Mi Router 4C"},"content":{"rendered":"<ul class=\"a-unordered-list a-vertical a-spacing-mini\">\n<li><span class=\"a-list-item\">4 antennes externes avec technologie de connexion avanc\u00e9e qui vous permet de maintenir des vitesses incroyables m\u00eame \u00e0 de grandes distances.<\/span><\/li>\n<li><span class=\"a-list-item\">La RAM est de 64 Mo et la ROM est de 16 Mo, ce qui signifie qu&#8217;elle peut transporter jusqu&#8217;\u00e0 64 appareils.<\/span><\/li>\n<li><span class=\"a-list-item\">Gr\u00e2ce \u00e0 l&#8217;application MIWiFi, il est tr\u00e8s pratique \u00e0 configurer et \u00e0 g\u00e9rer votre Internet. Il dispose \u00e9galement de nombreuses fonctions utiles telles que le contr\u00f4le parental, le r\u00e9seau d&#8217;accueil.<\/span><\/li>\n<li><span class=\"a-list-item\">Fonction de gestion intelligente pour le contr\u00f4le \u00e0 distance.<\/span><\/li>\n<\/ul>","protected":false},"excerpt":{"rendered":"<table class=\"a-normal a-spacing-micro\">\n<tbody>\n<tr class=\"a-spacing-small\">\n<td class=\"a-span3\"><span class=\"a-size-base a-text-bold\">Type de connecteur<\/span><\/td>\n<td class=\"a-span9\"><span class=\"a-size-base\">Wi-Fi, USB, Ethernet<\/span><\/td>\n<\/tr>\n<tr class=\"a-spacing-small\">\n<td class=\"a-span3\"><span class=\"a-size-base a-text-bold\">Marque<\/span><\/td>\n<td class=\"a-span9\"><span class=\"a-size-base\">Xiaomi<\/span><\/td>\n<\/tr>\n<tr class=\"a-spacing-small\">\n<td class=\"a-span3\"><span class=\"a-size-base a-text-bold\">M\u00e9thode de contr\u00f4le<\/span><\/td>\n<td class=\"a-span9\"><span class=\"a-size-base\">App<\/span><\/td>\n<\/tr>\n<tr class=\"a-spacing-small\">\n<td class=\"a-span3\"><span class=\"a-size-base a-text-bold\">Classe de bande de fr\u00e9quence<\/span><\/td>\n<td class=\"a-span9\"><span class=\"a-size-base\">Triple bande<\/span><\/td>\n<\/tr>\n<tr class=\"a-spacing-small\">\n<td class=\"a-span3\"><span class=\"a-size-base a-text-bold\">Type de technologie sans fil<\/span><\/td>\n<td class=\"a-span9\"><span class=\"a-size-base\">802.11n, 802.11b, 802.11g<\/span><\/td>\n<\/tr>\n<tr class=\"a-spacing-small\">\n<td class=\"a-span3\"><span class=\"a-size-base a-text-bold\">Protocole de s\u00e9curit\u00e9<\/span><\/td>\n<td class=\"a-span9\"><span class=\"a-size-base\">WPA-PSK<\/span><\/td>\n<\/tr>\n<tr class=\"a-spacing-small\">\n<td class=\"a-span3\"><span class=\"a-size-base a-text-bold\">Nombre de ports<\/span><\/td>\n<td class=\"a-span9\"><span class=\"a-size-base\">2<\/span><\/td>\n<\/tr>\n<tr class=\"a-spacing-small\">\n<td class=\"a-span3\"><span class=\"a-size-base a-text-bold\">Bande passante du port LAN<\/span><\/td>\n<td class=\"a-span9\"><span class=\"a-size-base\">10\/100 Mbit\/s<\/span><\/td>\n<\/tr>\n<tr class=\"a-spacing-small\">\n<td class=\"a-span3\"><span class=\"a-size-base a-text-bold\">D\u00e9bit de transfert de donn\u00e9es<\/span><\/td>\n<td class=\"a-span9\"><span class=\"a-size-base\">300 Megabits Per Second<\/span><\/td>\n<\/tr>\n<tr class=\"a-spacing-small\">\n<td class=\"a-span3\"><span class=\"a-size-base a-text-bold\">Tension<\/span><\/td>\n<td class=\"a-span9\"><span class=\"a-size-base\">5 Volts<\/span><\/td>\n<\/tr>\n<\/tbody>\n<\/table>","protected":false},"featured_media":6906,"template":"","meta":[],"product_cat":[440],"product_tag":[],"class_list":["post-6905","product","type-product","status-publish","has-post-thumbnail","hentry","product_cat-repeteur-wifi"],"_links":{"self":[{"href":"https:\/\/gmiinfo.com\/fr\/wp-json\/wp\/v2\/product\/6905","targetHints":{"allow":["GET"]}}],"collection":[{"href":"https:\/\/gmiinfo.com\/fr\/wp-json\/wp\/v2\/product"}],"about":[{"href":"https:\/\/gmiinfo.com\/fr\/wp-json\/wp\/v2\/types\/product"}],"wp:featuredmedia":[{"embeddable":true,"href":"https:\/\/gmiinfo.com\/fr\/wp-json\/wp\/v2\/media\/6906"}],"wp:attachment":[{"href":"https:\/\/gmiinfo.com\/fr\/wp-json\/wp\/v2\/media?parent=6905"}],"wp:term":[{"taxonomy":"product_cat","embeddable":true,"href":"https:\/\/gmiinfo.com\/fr\/wp-json\/wp\/v2\/product_cat?post=6905"},{"taxonomy":"product_tag","embeddable":true,"href":"https:\/\/gmiinfo.com\/fr\/wp-json\/wp\/v2\/product_tag?post=6905"}],"curies":[{"name":"wp","href":"https:\/\/api.w.org\/{rel}","templated":true}]}}