{"id":6899,"date":"2022-01-21T13:41:44","date_gmt":"2022-01-21T12:41:44","guid":{"rendered":"https:\/\/gmiinfo.com\/?post_type=product&#038;p=6899"},"modified":"2022-01-21T13:41:44","modified_gmt":"2022-01-21T12:41:44","slug":"adaptateur-micro-usb-male-vers-usb-2-0-femelle-otg","status":"publish","type":"product","link":"https:\/\/gmiinfo.com\/fr\/produit\/adaptateur-micro-usb-male-vers-usb-2-0-femelle-otg\/","title":{"rendered":"Adaptateur Micro USB M\u00e2le vers USB 2.0 Femelle (OTG)"},"content":{"rendered":"<p>Convertisseur Adaptateur OTG\u00a0<b>Micro USB M\u00e2le vers USB Femelle\u00a0<\/b><br \/>\nConnectez votre USB Smartphone ou d&#8217;autres p\u00e9riph\u00e9riques USB \u00e0 des p\u00e9riph\u00e9riques USB 2.0<br \/>\nCet adaptateur comporte un connecteur Micro USB m\u00e2le (type B) et un connecteur USB femelle (type A). L\u2019interface USB 2.0 permet des taux de transferts jusqu\u2019\u00e0 480Mb\/s. Offre une fa\u00e7on simple de convertir votre tablette\/t\u00e9l\u00e9phone intelligent avec fonction micro USB OTG et permet d\u2019y connecter un p\u00e9riph\u00e9rique USB tel qu\u2019une Flash disque, une souris ou un clavier USB, un lecteur de cartes USB, etc.<br \/>\nApplications typiques A: Connecte un lecteur USB \u00e0 votre tablette ou t\u00e9l\u00e9phone mobile comme dispositif de sauvegarde amovible. Connecte un clavier ou souris USB \u00e0 votre tablette. Connecte un appareil photo \u00e0 votre tablette pour l\u2019importation de fichiers m\u00e9dia.<br \/>\nApplications typiques B: Connecte un Flash Disque U \u00e0 la tablette ou au t\u00e9l\u00e9phone mobile pour \u00e9change de donn\u00e9es. Connecte un lecteur USB. Connecte deux t\u00e9l\u00e9phones ensembles pour permettre au premier l\u2019acc\u00e8s aux donn\u00e9es du second.<br \/>\nConnectez l&#8217;adaptateur OTG avec la souris ou le clavier, vous permettant de jouer \u00e0 des jeux ou de visualiser des fichiers ou d&#8217;\u00e9crire des messages par t\u00e9l\u00e9phone<\/p>","protected":false},"excerpt":{"rendered":"<ul>\n<li>Convertisseur Adaptateur Micro USB M\u00e2le vers USB 2.0 Femelle (OTG)<\/li>\n<li>Mat\u00e9riel: bo\u00eetier en alliage d&#8217;aluminium<\/li>\n<li>Connecteur 1 : USB Micro m\u00e2le<\/li>\n<li>Connecteur 2 : USB Femelle<\/li>\n<li>Multifonction: prise en charge de la synchronisation des donn\u00e9es (OTG) et de la charge.<\/li>\n<li>Plug &amp; Play: Aucun pilote n&#8217;est n\u00e9cessaire<\/li>\n<\/ul>","protected":false},"featured_media":6900,"template":"","meta":[],"product_cat":[241,251],"product_tag":[],"class_list":["post-6899","product","type-product","status-publish","has-post-thumbnail","hentry","product_cat-accessoires-telephones","product_cat-chargeurs-et-cables"],"_links":{"self":[{"href":"https:\/\/gmiinfo.com\/fr\/wp-json\/wp\/v2\/product\/6899","targetHints":{"allow":["GET"]}}],"collection":[{"href":"https:\/\/gmiinfo.com\/fr\/wp-json\/wp\/v2\/product"}],"about":[{"href":"https:\/\/gmiinfo.com\/fr\/wp-json\/wp\/v2\/types\/product"}],"wp:featuredmedia":[{"embeddable":true,"href":"https:\/\/gmiinfo.com\/fr\/wp-json\/wp\/v2\/media\/6900"}],"wp:attachment":[{"href":"https:\/\/gmiinfo.com\/fr\/wp-json\/wp\/v2\/media?parent=6899"}],"wp:term":[{"taxonomy":"product_cat","embeddable":true,"href":"https:\/\/gmiinfo.com\/fr\/wp-json\/wp\/v2\/product_cat?post=6899"},{"taxonomy":"product_tag","embeddable":true,"href":"https:\/\/gmiinfo.com\/fr\/wp-json\/wp\/v2\/product_tag?post=6899"}],"curies":[{"name":"wp","href":"https:\/\/api.w.org\/{rel}","templated":true}]}}