{"id":6891,"date":"2022-01-21T13:32:18","date_gmt":"2022-01-21T12:32:18","guid":{"rendered":"https:\/\/gmiinfo.com\/?post_type=product&#038;p=6891"},"modified":"2025-02-22T13:16:54","modified_gmt":"2025-02-22T12:16:54","slug":"casque-bluetooth-p47-noir","status":"publish","type":"product","link":"https:\/\/gmiinfo.com\/fr\/produit\/casque-bluetooth-p47-noir\/","title":{"rendered":"Casque Bluetooth &#8211; P47 &#8211; Noir"},"content":{"rendered":"<p>Casque Bluetooth simple de moyenne gamme. Le concept est simple : il est le m\u00eame que pour les\u00a0<strong>casques\u00a0<\/strong><strong>Bluetooth<\/strong>.<\/p>\n<p>Il suffit d&#8217;allumer les\u00a0\u00e9couteurs sans fil\u00a0et de les connecter \u00e0 votre smartphone, tablette ou ordinateur.<\/p>\n<p>Vous pourrez alors \u00e9couter de la musique, jouer, faire une visioconf\u00e9rence ou bien passer un appel. En outre, il est l\u00e9ger et facile \u00e0 transporter.<\/p>\n<p><strong>NB<\/strong>: Livr\u00e9\u00a0SANS CABLE JACK<\/p>","protected":false},"excerpt":{"rendered":"<ul>\n<li>USB charge<\/li>\n<li>Bluetooth fr\u00e9quence: 2.4GHZ-2.4835 GHZ,<\/li>\n<li>Bluetooth distance: 10 m\u00e8tres<\/li>\n<li>Fr\u00e9quence: 50Hz-20Hz<\/li>\n<li>Autonomie en lecture\/conversation: jusqu&#8217;\u00e0 6 heures<\/li>\n<li>LIVRER SANS CABLE JACK<\/li>\n<\/ul>\n<p>&nbsp;<\/p>","protected":false},"featured_media":6895,"template":"","meta":[],"product_cat":[250,243],"product_tag":[],"class_list":["post-6891","product","type-product","status-publish","has-post-thumbnail","hentry","product_cat-casque-bluetooth","product_cat-gadget"],"_links":{"self":[{"href":"https:\/\/gmiinfo.com\/fr\/wp-json\/wp\/v2\/product\/6891","targetHints":{"allow":["GET"]}}],"collection":[{"href":"https:\/\/gmiinfo.com\/fr\/wp-json\/wp\/v2\/product"}],"about":[{"href":"https:\/\/gmiinfo.com\/fr\/wp-json\/wp\/v2\/types\/product"}],"wp:featuredmedia":[{"embeddable":true,"href":"https:\/\/gmiinfo.com\/fr\/wp-json\/wp\/v2\/media\/6895"}],"wp:attachment":[{"href":"https:\/\/gmiinfo.com\/fr\/wp-json\/wp\/v2\/media?parent=6891"}],"wp:term":[{"taxonomy":"product_cat","embeddable":true,"href":"https:\/\/gmiinfo.com\/fr\/wp-json\/wp\/v2\/product_cat?post=6891"},{"taxonomy":"product_tag","embeddable":true,"href":"https:\/\/gmiinfo.com\/fr\/wp-json\/wp\/v2\/product_tag?post=6891"}],"curies":[{"name":"wp","href":"https:\/\/api.w.org\/{rel}","templated":true}]}}