{"id":6881,"date":"2022-01-19T19:14:04","date_gmt":"2022-01-19T18:14:04","guid":{"rendered":"https:\/\/gmiinfo.com\/?post_type=product&#038;p=6881"},"modified":"2022-01-20T14:04:59","modified_gmt":"2022-01-20T13:04:59","slug":"foneng-cable-2m-fast-charging-3a","status":"publish","type":"product","link":"https:\/\/gmiinfo.com\/fr\/produit\/foneng-cable-2m-fast-charging-3a\/","title":{"rendered":"Foneng C\u00e2ble 2M &#8211; Fast Charging &#8211; 3A"},"content":{"rendered":"<p>FONENG &#8211; Cable 2M &#8211; Fast charging &#8211; 3A &#8211; Type C<\/p>\n<p><img decoding=\"async\" src=\"https:\/\/tn.jumia.is\/cms\/external\/pet\/FO558EA06W6Q0NAFAMZ\/7cdd6a8eb80d3d6853155cc83e3ea2f6.jpg\" alt=\"Micro Usb 1 M Foneng X 51 Original 3 A Fast Charging And Data Transfer Cable For Android Ready Stock Qualcomm 3.0 Quick Charge - Lazada\" data-src=\"https:\/\/tn.jumia.is\/cms\/external\/pet\/FO558EA06W6Q0NAFAMZ\/7cdd6a8eb80d3d6853155cc83e3ea2f6.jpg\" \/><\/p>\n<p>Cable<strong>\u00a0FONENG<\/strong>\u00a0tres bonne qualiter 2 metre et fast charging AVEC un charge rapide 3A<\/p>\n<p>C\u00e2ble en nylon tiss\u00e9 avec pr\u00e9cision de 1,48, pas de torsion et facile \u00e0 ranger.conception de protection du port SR plus longue, r\u00e9sistante \u00e0 la flexion et durable, qualit\u00e9 solide et stable .norme de production de qualit\u00e9 sup\u00e9rieure et excellent rapport qualit\u00e9-prix<\/p>\n<p>&nbsp;<\/p>","protected":false},"excerpt":{"rendered":"<ul>\n<li>3A rapide transmission<\/li>\n<li>2M extended data cable<\/li>\n<li>Safe and faste charging<\/li>\n<li>Charging and fast data transmission<\/li>\n<li>Anti twining<\/li>\n<\/ul>","protected":false},"featured_media":6883,"template":"","meta":[],"product_cat":[241,251],"product_tag":[],"class_list":["post-6881","product","type-product","status-publish","has-post-thumbnail","hentry","product_cat-accessoires-telephones","product_cat-chargeurs-et-cables"],"_links":{"self":[{"href":"https:\/\/gmiinfo.com\/fr\/wp-json\/wp\/v2\/product\/6881","targetHints":{"allow":["GET"]}}],"collection":[{"href":"https:\/\/gmiinfo.com\/fr\/wp-json\/wp\/v2\/product"}],"about":[{"href":"https:\/\/gmiinfo.com\/fr\/wp-json\/wp\/v2\/types\/product"}],"wp:featuredmedia":[{"embeddable":true,"href":"https:\/\/gmiinfo.com\/fr\/wp-json\/wp\/v2\/media\/6883"}],"wp:attachment":[{"href":"https:\/\/gmiinfo.com\/fr\/wp-json\/wp\/v2\/media?parent=6881"}],"wp:term":[{"taxonomy":"product_cat","embeddable":true,"href":"https:\/\/gmiinfo.com\/fr\/wp-json\/wp\/v2\/product_cat?post=6881"},{"taxonomy":"product_tag","embeddable":true,"href":"https:\/\/gmiinfo.com\/fr\/wp-json\/wp\/v2\/product_tag?post=6881"}],"curies":[{"name":"wp","href":"https:\/\/api.w.org\/{rel}","templated":true}]}}