{"id":6879,"date":"2022-01-19T19:07:42","date_gmt":"2022-01-19T18:07:42","guid":{"rendered":"https:\/\/gmiinfo.com\/?post_type=product&#038;p=6879"},"modified":"2022-01-20T14:05:36","modified_gmt":"2022-01-20T13:05:36","slug":"foneng-cable-auxiliaire","status":"publish","type":"product","link":"https:\/\/gmiinfo.com\/fr\/produit\/foneng-cable-auxiliaire\/","title":{"rendered":"Foneng C\u00e2ble auxiliaire"},"content":{"rendered":"<p>C\u00e2ble auxiliaire &#8211; M\u00e2le M\u00e2le pour iPhone &#8211; Android &#8211; Mp3&#8230;<\/p>\n<p><strong>cable aux\u00a0<\/strong>st\u00e9r\u00e9o m\u00e2le vers m\u00e2le 3,5\u00a0mm permettant de transmettre de l&#8217;audio en format st\u00e9r\u00e9o . Permet de connecter un smartphone, un lecteur\u00a0MP3<strong>\u00a0<\/strong>ou une tablette au syst\u00e8me de st\u00e9r\u00e9o de votre voiture ou \u00e0 des haut-parleurs portables . Fonctionne avec n&#8217;importe quel appareil \u00e9quip\u00e9 d&#8217;une prise jack audio3 ,5 mm standard ou d&#8217;un port AUX- in Design biseaut\u00e9 et crant\u00e9 Longueur :\u00a0<strong>1 m\u00a0<\/strong><\/p>","protected":false},"excerpt":{"rendered":"<ul>\n<li>C\u00e2ble audio st\u00e9r\u00e9o m\u00e2le vers m\u00e2le 3,5\u00a0mm permettant de transmettre de l&#8217;audio en format st\u00e9r\u00e9o<\/li>\n<li>Permet de connecter un smartphone, un lecteur MP3 ou une tablette au syst\u00e8me de st\u00e9r\u00e9o de votre voiture ou \u00e0 des haut-parleurs portables<\/li>\n<li>Fonctionne avec n&#8217;importe quel appareil \u00e9quip\u00e9 d&#8217;une prise jack audio 3,5\u00a0mm standard ou d&#8217;un port AUX-in<\/li>\n<li>Design biseaut\u00e9 et crant\u00e9<\/li>\n<li>Longueur\u00a0: 1\u00a0m<\/li>\n<\/ul>","protected":false},"featured_media":6880,"template":"","meta":[],"product_cat":[241,251],"product_tag":[],"class_list":["post-6879","product","type-product","status-publish","has-post-thumbnail","hentry","product_cat-accessoires-telephones","product_cat-chargeurs-et-cables"],"_links":{"self":[{"href":"https:\/\/gmiinfo.com\/fr\/wp-json\/wp\/v2\/product\/6879","targetHints":{"allow":["GET"]}}],"collection":[{"href":"https:\/\/gmiinfo.com\/fr\/wp-json\/wp\/v2\/product"}],"about":[{"href":"https:\/\/gmiinfo.com\/fr\/wp-json\/wp\/v2\/types\/product"}],"wp:featuredmedia":[{"embeddable":true,"href":"https:\/\/gmiinfo.com\/fr\/wp-json\/wp\/v2\/media\/6880"}],"wp:attachment":[{"href":"https:\/\/gmiinfo.com\/fr\/wp-json\/wp\/v2\/media?parent=6879"}],"wp:term":[{"taxonomy":"product_cat","embeddable":true,"href":"https:\/\/gmiinfo.com\/fr\/wp-json\/wp\/v2\/product_cat?post=6879"},{"taxonomy":"product_tag","embeddable":true,"href":"https:\/\/gmiinfo.com\/fr\/wp-json\/wp\/v2\/product_tag?post=6879"}],"curies":[{"name":"wp","href":"https:\/\/api.w.org\/{rel}","templated":true}]}}