{"id":6875,"date":"2022-01-19T18:31:11","date_gmt":"2022-01-19T17:31:11","guid":{"rendered":"https:\/\/gmiinfo.com\/?post_type=product&#038;p=6875"},"modified":"2022-04-13T11:40:26","modified_gmt":"2022-04-13T09:40:26","slug":"oppo-enco-buds-w12-ecouteurs-sans-fil-blanc","status":"publish","type":"product","link":"https:\/\/gmiinfo.com\/fr\/produit\/oppo-enco-buds-w12-ecouteurs-sans-fil-blanc\/","title":{"rendered":"Oppo Enco Buds W12 &#8211; \u00c9couteurs sans fil &#8211; Blanc"},"content":{"rendered":"<h1 class=\"page-title\"><strong>\u00e9couteurs\u00a0SANS FIL OPPO ENCO W12\u00a0&#8211; BLANC<\/strong><\/h1>\n<p>\u00c9couteurs\u00a0sans fil\u00a0<strong>Oppo Enco Buds W12\u00a0\u00a0<\/strong><\/p>\n<p>Mod\u00e8le :<strong>\u00a0ETI81\u00a0<\/strong>, Boitier de charge :\u00a0<strong>ETI82\u00a0<\/strong>,<strong>\u00a0<\/strong>Pilote dynamique\u00a0<strong>8mm\u00a0<\/strong>, Gamme de fr\u00e9quence :\u00a0<strong>20HZ<\/strong>\u00a0&#8211;\u00a0<strong>20 KHZ\u00a0<\/strong>, Version Bluetooth :\u00a0<strong>5.2<\/strong>\u00a0, Port\u00e9e Bluetooth :\u00a0<strong>10m ,\u00a0<\/strong>Batterie :\u00a0<strong>Rechargable<\/strong>\u00a0, Capacit\u00e9 de la Batterie :\u00a0<strong>40 mAh<\/strong>\u00a0( \u00e9couteurs) \/ 4<strong>00 mAh<\/strong>\u00a0( boitier de charge ) , Temps de lecture de la musique :\u00a0<strong>6h<\/strong>\u00a0( charge unique ) \/\u00a0<strong>24h<\/strong>\u00a0( avec \u00e9tui de charge ) , Temps de charge :\u00a0<strong>120 min<\/strong>\u00a0( \u00e9couteurs ) \/\u00a0<strong>150min<\/strong>\u00a0(\u00e9couteurs + \u00e9tui de charge ) , R\u00e9sistance \u00e0 la poussi\u00e8re et \u00e0 l&#8217;eau ( \u00e9couteurs ) :\u00a0<strong>IP54<\/strong>\u00a0, Poids :\u00a0<strong>4.4\u00a0<\/strong>g\/\u00e9couteurs ;\u00a0<strong>37.0<\/strong>\u00a0g\/chargeur ; \u00e9tui\u00a0<strong>45.0<\/strong>\u00a0g\/casque , Port de charge : USB Type-C<\/p>\n<p>Garantie: 1 an<\/p>","protected":false},"excerpt":{"rendered":"<ul>\n<li>Mod\u00e8le : ETI81 ; Bo\u00eetier de charge\u00a0: ETI82<\/li>\n<li>Driver : driver dynamique 8 mm<\/li>\n<li>Gamme de fr\u00e9quence : 20 Hz &#8211; 20 kHz<\/li>\n<li>Version Bluetooth : 5.2 ; Port\u00e9e Bluetooth : 10 m<\/li>\n<li>Batterie : rechargeable ; Cellule lithium-ion<\/li>\n<li>Capacit\u00e9 de la batterie : 40 mAh (\u00e9couteurs) &#8211; 400 mAh (bo\u00eetier de charge)<\/li>\n<li>Dur\u00e9e de lecture musicale : 6 h (charge unique) &#8211; 24 h (avec \u00e9tui de charge)<\/li>\n<li>Temps de charge : 120 min (\u00e9couteurs) &#8211; 150 min (\u00e9couteurs + \u00e9tui de charge)<\/li>\n<li>R\u00e9sistance \u00e0 la poussi\u00e8re et \u00e0 l&#8217;eau (\u00e9couteurs) : IP54<\/li>\n<li>Poids\u00a0:\u00a04,4\u00a0g\/\u00e9couteur\uff0c37,0\u00a0g\/charge &#8211; \u00c9tui, 45,0 g\/casque<\/li>\n<li>Port de charge : USB Type-C<\/li>\n<li>Garantie: 1 an<br \/>\n<h1 class=\"page-title\"><\/h1>\n<\/li>\n<\/ul>","protected":false},"featured_media":6876,"template":"","meta":[],"product_cat":[421],"product_tag":[],"class_list":["post-6875","product","type-product","status-publish","has-post-thumbnail","hentry","product_cat-airpods-bluetooth"],"_links":{"self":[{"href":"https:\/\/gmiinfo.com\/fr\/wp-json\/wp\/v2\/product\/6875","targetHints":{"allow":["GET"]}}],"collection":[{"href":"https:\/\/gmiinfo.com\/fr\/wp-json\/wp\/v2\/product"}],"about":[{"href":"https:\/\/gmiinfo.com\/fr\/wp-json\/wp\/v2\/types\/product"}],"wp:featuredmedia":[{"embeddable":true,"href":"https:\/\/gmiinfo.com\/fr\/wp-json\/wp\/v2\/media\/6876"}],"wp:attachment":[{"href":"https:\/\/gmiinfo.com\/fr\/wp-json\/wp\/v2\/media?parent=6875"}],"wp:term":[{"taxonomy":"product_cat","embeddable":true,"href":"https:\/\/gmiinfo.com\/fr\/wp-json\/wp\/v2\/product_cat?post=6875"},{"taxonomy":"product_tag","embeddable":true,"href":"https:\/\/gmiinfo.com\/fr\/wp-json\/wp\/v2\/product_tag?post=6875"}],"curies":[{"name":"wp","href":"https:\/\/api.w.org\/{rel}","templated":true}]}}