{"id":6868,"date":"2022-01-19T18:23:41","date_gmt":"2022-01-19T17:23:41","guid":{"rendered":"https:\/\/gmiinfo.com\/?post_type=product&#038;p=6868"},"modified":"2022-12-07T10:10:32","modified_gmt":"2022-12-07T09:10:32","slug":"hoco-ecouteur-ew-04-pro","status":"publish","type":"product","link":"https:\/\/gmiinfo.com\/fr\/produit\/hoco-ecouteur-ew-04-pro\/","title":{"rendered":"Hoco Ecouteur EW 10"},"content":{"rendered":"<p>Les\u00a0<strong>AirPods HOCO EW 10 <\/strong>sont dot\u00e9s de la technologie de R\u00e9duction active du bruit pour vous immerger dans le son, d\u2019un mode Transparence pour vous permettre d\u2019\u00e9couter ce qu\u2019il se passe autour de vous, et d\u2019un design adaptatif qui permet de les porter confortablement toute la journ\u00e9e.<\/p>\n<p>\u00c0 l\u2019instar des\u00a0<strong>AirPods HOCO EW 10<\/strong>, les\u00a0<strong>AirPods HOCO EW 10 <\/strong>Pro se connectent comme par magie \u00e0 votre iPhone ou Apple\u00a0Watch. Et ils sont pr\u00eats \u00e0 \u00eatre utilis\u00e9s d\u00e8s leur sortie du bo\u00eetier.<\/p>\n<p>Incroyablement l\u00e9gers, les\u00a0<strong>AirPods HOCO EW 10 <\/strong>Pro avec R\u00e9duction du bruit vous isolent de votre environnement pour que vous puissiez vous concentrer sur ce que vous \u00e9coutez.<\/p>\n<p>Les\u00a0<strong>AirPods HOCO EW 10 <\/strong>Pro utilisent deux micros, l\u2019un orient\u00e9 vers l\u2019ext\u00e9rieur et l\u2019un orient\u00e9 vers l\u2019int\u00e9rieur, pour une r\u00e9duction du bruit optimale.<\/p>\n<p>En s\u2019adaptant en continu \u00e0 la g\u00e9om\u00e9trie de votre oreille et \u00e0 l\u2019ajustement des embouts, la technologie de r\u00e9duction active du bruit r\u00e9duit le monde ext\u00e9rieur au silence et vous permet de vous plonger pleinement dans vos podcasts, appels et musique.<\/p>\n<p>Passez au mode Transparence, et les\u00a0<strong>AirPods HOCO EW 10<\/strong>laissent filtrer les bruits ext\u00e9rieurs, ce qui vous permet d\u2019entendre le monde qui vous entoure. Les micros int\u00e9rieur et ext\u00e9rieur des\u00a0<strong>AirPods HOCO EW 10 <\/strong>Pro annulent l\u2019effet d\u2019isolation phonique des embouts en silicone pour que tout vous semble naturel, comme quand vous parlez \u00e0 des gens autour de vous.<\/p>\n<p>La puce H1 con\u00e7ue par Apple assure une latence audio extr\u00eamement faible.<\/p>\n<p>Le capteur-pression sur la tige vous permet de contr\u00f4ler votre musique et vos appels et de passer du mode R\u00e9duction active du bruit au mode Transparence, et inversement.<\/p>\n<p>Gr\u00e2ce \u00e0 l\u2019Annonce des messages avec Siri, vous avez la possibilit\u00e9 de demander \u00e0 Siri de lire vos SMS via vos\u00a0<strong>AirPods HOCO EW10<\/strong>. Et avec le Partage audio, vous et un ami pouvez \u00e9couter le m\u00eame flux audio sur deux paires\u00a0<strong>AirPods HOCO EW 10,<\/strong>\u00a0Ainsi, vous pouvez jouer \u00e0 un jeu, regarder un film ou \u00e9couter une chanson ensemble.<\/p>","protected":false},"excerpt":{"rendered":"<ul>\n<li>Con\u00e7ue par IOS ET ANDROID<\/li>\n<\/ul>\n<ul>\n<li>Confort et isolation ajustables<\/li>\n<\/ul>\n<ul>\n<li>Mode Transparence<\/li>\n<\/ul>\n<ul>\n<li>Qualit\u00e9 audio incomparable incluant un \u00e9galiseur adaptatif<\/li>\n<\/ul>\n<ul>\n<li>Activation et connexion automatiques<\/li>\n<\/ul>\n<ul>\n<li>Configuration facile pour tous vos appareils Apple et Android<\/li>\n<\/ul>\n<ul>\n<li>Recharge rapide dans le bo\u00eetier<\/li>\n<\/ul>\n<ul>\n<li>Bo\u00eetier rechargeable sans fil, ou \u00e0 l\u2019aide du connecteur\u00a0Lightning<\/li>\n<\/ul>","protected":false},"featured_media":7225,"template":"","meta":[],"product_cat":[421],"product_tag":[],"class_list":["post-6868","product","type-product","status-publish","has-post-thumbnail","hentry","product_cat-airpods-bluetooth"],"_links":{"self":[{"href":"https:\/\/gmiinfo.com\/fr\/wp-json\/wp\/v2\/product\/6868","targetHints":{"allow":["GET"]}}],"collection":[{"href":"https:\/\/gmiinfo.com\/fr\/wp-json\/wp\/v2\/product"}],"about":[{"href":"https:\/\/gmiinfo.com\/fr\/wp-json\/wp\/v2\/types\/product"}],"wp:featuredmedia":[{"embeddable":true,"href":"https:\/\/gmiinfo.com\/fr\/wp-json\/wp\/v2\/media\/7225"}],"wp:attachment":[{"href":"https:\/\/gmiinfo.com\/fr\/wp-json\/wp\/v2\/media?parent=6868"}],"wp:term":[{"taxonomy":"product_cat","embeddable":true,"href":"https:\/\/gmiinfo.com\/fr\/wp-json\/wp\/v2\/product_cat?post=6868"},{"taxonomy":"product_tag","embeddable":true,"href":"https:\/\/gmiinfo.com\/fr\/wp-json\/wp\/v2\/product_tag?post=6868"}],"curies":[{"name":"wp","href":"https:\/\/api.w.org\/{rel}","templated":true}]}}