{"id":6854,"date":"2022-01-19T17:23:07","date_gmt":"2022-01-19T16:23:07","guid":{"rendered":"https:\/\/gmiinfo.com\/?post_type=product&#038;p=6854"},"modified":"2022-01-19T17:23:07","modified_gmt":"2022-01-19T16:23:07","slug":"gigaset-telephone-sans-fil-a116-garantie-1-an","status":"publish","type":"product","link":"https:\/\/gmiinfo.com\/fr\/produit\/gigaset-telephone-sans-fil-a116-garantie-1-an\/","title":{"rendered":"Gigaset T\u00e9l\u00e9phone sans Fil A116 &#8211; Garantie 1 An"},"content":{"rendered":"<p>T\u00e9l\u00e9phone fixe, sans fil,\u00a0<b>GIGASET A116<\/b>, noir.<\/p>\n<p>Made in Germany, by Siemens.<\/p>\n<p>Garantie 1 An.<\/p>\n<p>&nbsp;<\/p>\n<p>Pour les personnes qui cherchent le confort, voici ce produit robuste, de grande qualit\u00e9, moderne, confortable, pour usage professionnel et domestique.<\/p>\n<p>&nbsp;<\/p>\n<p><strong><em>L&#8217;avantage d&#8217;acheter chez INFO TEL SERVICES :\u00a0<\/em><\/strong><\/p>\n<p>1\/ Produit test\u00e9, programm\u00e9 et param\u00e9tr\u00e9 avant la livraison, vous le recevez pr\u00eat \u00e0 l&#8217;emploi.<br \/>\n2\/ Assistance gratuite avant et apr\u00e8s l&#8217;achat, pour toute question technique sur ce produit.<br \/>\n3\/ Facture, garantie 1 an et S.A.V. disponibles.<br \/>\n4\/ Nous assurons aussi la r\u00e9paration et l&#8217;entretien des interphones, vid\u00e9ophones, t\u00e9l\u00e9phones fixes et sans fil, mat\u00e9riel informatique, babyphone, talkie-walkie, ainsi que le remplacement des batteries pour les petits appareils \u00e9lectroniques.<\/p>\n<p><b><i>Caract\u00e9ristiques :\u00a0<\/i><\/b><\/p>\n<p>&#8211; Pr\u00e9sentation du num\u00e9ro.<\/p>\n<p>&#8211; Affichage de la date et de l&#8217;heure.<\/p>\n<p>&#8211; Affichage de la dur\u00e9e de la conversation.<\/p>\n<p>&#8211; Ecran monochrome 3 lignes (\u00e9cran non &#8211; \u00e9clair\u00e9).<\/p>\n<p>&#8211; Nombre de contacts r\u00e9pertoire : 50.<\/p>\n<p>&#8211; Garantie 1 An.<\/p>\n<p>&#8211; Autonomie en communication : 12h.<\/p>\n<p>&#8211; Autonomie en veille : 130h.<\/p>\n<p>&#8211; Nombre de sonneries : 10.<\/p>\n<p>&#8211; Port\u00e9e : jusqu&#8217;\u00e0 300 m\u00e8tres en ext\u00e9rieur et jusqu&#8217;\u00e0 50 m\u00e8tres en int\u00e9rieur.<\/p>\n<p>&#8211; Mode silence (d\u00e9sactivation de la sonnerie).<\/p>\n<p>&#8211; Verrouillage du clavier.<\/p>\n<p>&#8211; Non extensible (ne fonctionne pas en duo, trio&#8230;).<\/p>","protected":false},"excerpt":{"rendered":"<ul>\n<li>Pr\u00e9sentation du num\u00e9ro<\/li>\n<li>Affichage de la date et de l&#8217;heure<\/li>\n<li>Affichage de la dur\u00e9e de la conversation<\/li>\n<li>Ecran monochrome 3 lignes (\u00e9cran non &#8211; \u00e9clair\u00e9)<\/li>\n<li>Nombre de contacts r\u00e9pertoire : 50.<\/li>\n<li><strong>Garantie 1 An.<\/strong><\/li>\n<li>Autonomie en communication : 12h<\/li>\n<li>Autonomie en veille : 130h<\/li>\n<li>Nombre de sonneries : 10<\/li>\n<li>Port\u00e9e : jusqu&#8217;\u00e0 300 m\u00e8tres en ext\u00e9rieur et jusqu&#8217;\u00e0 50 m\u00e8tres en int\u00e9rieur<\/li>\n<li>Mode silence (d\u00e9sactivation de la sonnerie)<\/li>\n<li>Verrouillage du clavier<\/li>\n<li>Non extensible (ne fonctionne pas en duo, trio&#8230;)<\/li>\n<\/ul>","protected":false},"featured_media":6855,"template":"","meta":[],"product_cat":[439,229],"product_tag":[],"class_list":["post-6854","product","type-product","status-publish","has-post-thumbnail","hentry","product_cat-telephone-fix","product_cat-telephonie"],"_links":{"self":[{"href":"https:\/\/gmiinfo.com\/fr\/wp-json\/wp\/v2\/product\/6854","targetHints":{"allow":["GET"]}}],"collection":[{"href":"https:\/\/gmiinfo.com\/fr\/wp-json\/wp\/v2\/product"}],"about":[{"href":"https:\/\/gmiinfo.com\/fr\/wp-json\/wp\/v2\/types\/product"}],"wp:featuredmedia":[{"embeddable":true,"href":"https:\/\/gmiinfo.com\/fr\/wp-json\/wp\/v2\/media\/6855"}],"wp:attachment":[{"href":"https:\/\/gmiinfo.com\/fr\/wp-json\/wp\/v2\/media?parent=6854"}],"wp:term":[{"taxonomy":"product_cat","embeddable":true,"href":"https:\/\/gmiinfo.com\/fr\/wp-json\/wp\/v2\/product_cat?post=6854"},{"taxonomy":"product_tag","embeddable":true,"href":"https:\/\/gmiinfo.com\/fr\/wp-json\/wp\/v2\/product_tag?post=6854"}],"curies":[{"name":"wp","href":"https:\/\/api.w.org\/{rel}","templated":true}]}}