{"id":6845,"date":"2022-01-19T16:21:55","date_gmt":"2022-01-19T15:21:55","guid":{"rendered":"https:\/\/gmiinfo.com\/?post_type=product&#038;p=6845"},"modified":"2025-02-20T15:05:44","modified_gmt":"2025-02-20T14:05:44","slug":"nokia-150-ds-double-sim-noir","status":"publish","type":"product","link":"https:\/\/gmiinfo.com\/fr\/produit\/nokia-150-ds-double-sim-noir\/","title":{"rendered":"NOKIA 150 DS- DOUBLE SIM -NOIR"},"content":{"rendered":"<div class=\"pds-content-block-text pds-heading pds-heading--h3 pds-heading--title\">\n<p><strong>Nokia 150<\/strong><\/p>\n<p>&nbsp;<\/p>\n<\/div>\n<div class=\"pds-body\">\n<p><strong>Le Nokia 150 sublime l&#8217;essentiel. Naviguer devient facile gr\u00e2ce \u00e0 son design en longueur, son \u00e9cran de 2,4\u00a0pouces et ses touches ergonomiques plus grandes que jamais. Trouver votre prochain morceau,en utilisant la radio\u00a0FM et le lecteur\u00a0MP31. Il ne s&#8217;arr\u00eate jamais avec sa batterie qui dure des semaines en une seule charge. Capturez les moments importants gr\u00e2ce \u00e0 l&#8217;appareil photo VGA2\u00a0avec flash, puis partagez-les en Bluetooth3. Le divertissement continue m\u00eame en d\u00e9placement\u00a0\u2013 avec des jeux fantastiques comme l&#8217;incontournable Snake Xenzia\u00a0\u2013 et pour longtemps gr\u00e2ce \u00e0 sa long\u00e9vit\u00e9 sans faille.<\/strong><\/p>\n<p>&nbsp;<\/p>\n<p class=\"pds-content-block-text pds-heading pds-heading--h3 pds-heading--title\"><strong>Jeux \u00e0 gogo<\/strong><\/p>\n<p>&nbsp;<\/p>\n<p class=\"pds-body\"><strong>Jouez pour le plaisir de jouer avec l&#8217;incontournable Snake Xenzia et d&#8217;autres jeux captivants que vous pourrez essayer avant d&#8217;acheter. Des heures de divertissement vous attendent\u00a0; il ne vous reste qu&#8217;\u00e0 battre ce score<\/strong><\/p>\n<\/div>","protected":false},"excerpt":{"rendered":"<p>&#8211; Ecran: 2,4&#8243; QVGA &#8211; CPU: MTK<\/p>\n<p>&#8211; Syst\u00e8me d&#8217;exploitation: Series 30+<\/p>\n<p>&#8211; M\u00e9moire RAM:\u00a04 Mo<\/p>\n<p>&#8211; M\u00e9moire de Stockage: 4 Mo Emplacement pour carte MicroSD Prend en charge jusqu&#8217;\u00e0 32 Go<\/p>\n<p>&#8211; Cam\u00e9ra Arri\u00e9re: VGA avec Flash<\/p>\n<p>&#8211; Dual SIM<\/p>\n<p>&#8211; FM Radio<\/p>\n<p>&#8211; Lecteur MP3<\/p>\n<p>&#8211; Capacit\u00e9 de Batterie: 1020 mAh<\/p>\n<p>&#8211; Connectivit\u00e9 Sans Fil: Bluetooth 3.0<\/p>\n<p>&#8211; Connecteurs: Micro USB<\/p>\n<p>&#8211; Couleur: Noir<\/p>\n<p>&#8211; Garantie: 1 an<\/p>","protected":false},"featured_media":8553,"template":"","meta":[],"product_cat":[230,229],"product_tag":[],"class_list":["post-6845","product","type-product","status-publish","has-post-thumbnail","hentry","product_cat-smartphone","product_cat-telephonie"],"_links":{"self":[{"href":"https:\/\/gmiinfo.com\/fr\/wp-json\/wp\/v2\/product\/6845","targetHints":{"allow":["GET"]}}],"collection":[{"href":"https:\/\/gmiinfo.com\/fr\/wp-json\/wp\/v2\/product"}],"about":[{"href":"https:\/\/gmiinfo.com\/fr\/wp-json\/wp\/v2\/types\/product"}],"wp:featuredmedia":[{"embeddable":true,"href":"https:\/\/gmiinfo.com\/fr\/wp-json\/wp\/v2\/media\/8553"}],"wp:attachment":[{"href":"https:\/\/gmiinfo.com\/fr\/wp-json\/wp\/v2\/media?parent=6845"}],"wp:term":[{"taxonomy":"product_cat","embeddable":true,"href":"https:\/\/gmiinfo.com\/fr\/wp-json\/wp\/v2\/product_cat?post=6845"},{"taxonomy":"product_tag","embeddable":true,"href":"https:\/\/gmiinfo.com\/fr\/wp-json\/wp\/v2\/product_tag?post=6845"}],"curies":[{"name":"wp","href":"https:\/\/api.w.org\/{rel}","templated":true}]}}