{"id":6827,"date":"2022-01-19T15:11:26","date_gmt":"2022-01-19T14:11:26","guid":{"rendered":"https:\/\/gmiinfo.com\/?post_type=product&#038;p=6827"},"modified":"2025-02-20T15:00:10","modified_gmt":"2025-02-20T14:00:10","slug":"nokia-106-1-8-double-sim-noir-garantie-1-an","status":"publish","type":"product","link":"https:\/\/gmiinfo.com\/fr\/produit\/nokia-106-1-8-double-sim-noir-garantie-1-an\/","title":{"rendered":"Nokia 105"},"content":{"rendered":"<h1>NOKIA 105<\/h1>\n<p>Jouez au grand classique\u00a0<strong>Snake Xenzia<\/strong>\u00a0et \u00e0 des jeux pr\u00e9install\u00e9s avec achat apr\u00e8s essai comme\u00a0<strong>Nitro Racing<\/strong>,\u00a0<strong>Danger Dash<\/strong>,\u00a0<strong>Tetris<\/strong>\u00a0et bien plus encore. Le Nokia\u00a0106 peut contenir jusqu&#8217;\u00e0 2000\u00a0contacts et 500\u00a0messages, ce qui vous permet de rester facilement en contact avec votre r\u00e9seau professionnel, vos amis et votre famille.<\/p>\n<p>&nbsp;<\/p>\n<p>Le\u00a0<strong>Nokia\u00a0106<\/strong>\u00a0ne vous laisse pas tomber\u00a0: sa batterie dure des semaines entre chaque charge et vous pouvez t\u00e9l\u00e9phoner pendant plus de quinze heures d&#8217;affil\u00e9e avec une seule charge. Vous pouvez \u00e9galement utiliser un chargeur USB standard pour le recharger.<\/p>\n<p>Fabriqu\u00e9 en polycarbonate renforc\u00e9, le\u00a0<strong>Nokia\u00a0106<\/strong>\u00a0est con\u00e7u pour durer. La coloration inh\u00e9rente signifie que la couleur est inclus au mat\u00e9riau, ce qui rend les rayures quasiment ind\u00e9tectables. Gr\u00e2ce \u00e0 ses contours harmonieux, le Nokia\u00a0106 tient parfaitement dans votre main.Fabriqu\u00e9 en polycarbonate renforc\u00e9, le\u00a0<strong>Nokia\u00a0106<\/strong>\u00a0est con\u00e7u pour durer. La coloration inh\u00e9rente signifie que la couleur est inclus au mat\u00e9riau, ce qui rend les rayures quasiment ind\u00e9tectables. Gr\u00e2ce \u00e0 ses contours harmonieux, le\u00a0<strong>Nokia\u00a0106<\/strong>\u00a0tient parfaitement dans votre main.<\/p>\n<p>&nbsp;<\/p>","protected":false},"excerpt":{"rendered":"<ul>\n<li>Double SIM<\/li>\n<li>Ecran 1.8&#8243; QQVGA<\/li>\n<li>Processeur MTK 6261D<\/li>\n<li>RAM 4 Mo<\/li>\n<li>M\u00e9moire interne 4 Mo<\/li>\n<li>Batterie amovible de 800 mAh<\/li>\n<li>Autonomie en conversation: Jusqu&#8217;\u00e0 15.7 heures<\/li>\n<li>Autonomie en veille: Jusqu&#8217;\u00e0 21 jours<\/li>\n<li>Garantie 1 an<\/li>\n<\/ul>","protected":false},"featured_media":8549,"template":"","meta":[],"product_cat":[230,229],"product_tag":[],"class_list":["post-6827","product","type-product","status-publish","has-post-thumbnail","hentry","product_cat-smartphone","product_cat-telephonie"],"_links":{"self":[{"href":"https:\/\/gmiinfo.com\/fr\/wp-json\/wp\/v2\/product\/6827","targetHints":{"allow":["GET"]}}],"collection":[{"href":"https:\/\/gmiinfo.com\/fr\/wp-json\/wp\/v2\/product"}],"about":[{"href":"https:\/\/gmiinfo.com\/fr\/wp-json\/wp\/v2\/types\/product"}],"wp:featuredmedia":[{"embeddable":true,"href":"https:\/\/gmiinfo.com\/fr\/wp-json\/wp\/v2\/media\/8549"}],"wp:attachment":[{"href":"https:\/\/gmiinfo.com\/fr\/wp-json\/wp\/v2\/media?parent=6827"}],"wp:term":[{"taxonomy":"product_cat","embeddable":true,"href":"https:\/\/gmiinfo.com\/fr\/wp-json\/wp\/v2\/product_cat?post=6827"},{"taxonomy":"product_tag","embeddable":true,"href":"https:\/\/gmiinfo.com\/fr\/wp-json\/wp\/v2\/product_tag?post=6827"}],"curies":[{"name":"wp","href":"https:\/\/api.w.org\/{rel}","templated":true}]}}