{"id":6801,"date":"2022-01-19T14:17:49","date_gmt":"2022-01-19T13:17:49","guid":{"rendered":"https:\/\/gmiinfo.com\/?post_type=product&#038;p=6801"},"modified":"2022-01-19T14:54:18","modified_gmt":"2022-01-19T13:54:18","slug":"etui-en-silicone-compatible-avec-samsung-a12-transparent","status":"publish","type":"product","link":"https:\/\/gmiinfo.com\/fr\/produit\/etui-en-silicone-compatible-avec-samsung-a12-transparent\/","title":{"rendered":"Etui en silicone compatible avec Samsung A12 &#8211; Transparent"},"content":{"rendered":"<p>Prot\u00e9gez efficacement votre Smartphone gr\u00e2ce \u00e0 cette coque antichoc universelle. Une coque robuste et qui vous accompagne au quotidien.Pratique, vous pouvez le glisser dans votre poche \/ sac.La conception mince s&#8217;adapte parfaitement pour garder votre smartphone dans les perspectives de style. Il suffit de l&#8217;encliqueter pour l&#8217;installer et l&#8217;enlever facilement<\/p>","protected":false},"excerpt":{"rendered":"<ul>\n<li>Fait de silicone<\/li>\n<li>Finition soyeuse et douce au toucher<\/li>\n<li>Fit Pour Samsung Galaxy A12<\/li>\n<li>Parfait pour la combinaison de style et de durabilit\u00e9.<\/li>\n<li>Protection fiable des coins et du dos. Fait de silicone antid\u00e9rapant et doux au toucher.<\/li>\n<\/ul>","protected":false},"featured_media":6803,"template":"","meta":[],"product_cat":[241,436],"product_tag":[],"class_list":["post-6801","product","type-product","status-publish","has-post-thumbnail","hentry","product_cat-accessoires-telephones","product_cat-etui"],"_links":{"self":[{"href":"https:\/\/gmiinfo.com\/fr\/wp-json\/wp\/v2\/product\/6801","targetHints":{"allow":["GET"]}}],"collection":[{"href":"https:\/\/gmiinfo.com\/fr\/wp-json\/wp\/v2\/product"}],"about":[{"href":"https:\/\/gmiinfo.com\/fr\/wp-json\/wp\/v2\/types\/product"}],"wp:featuredmedia":[{"embeddable":true,"href":"https:\/\/gmiinfo.com\/fr\/wp-json\/wp\/v2\/media\/6803"}],"wp:attachment":[{"href":"https:\/\/gmiinfo.com\/fr\/wp-json\/wp\/v2\/media?parent=6801"}],"wp:term":[{"taxonomy":"product_cat","embeddable":true,"href":"https:\/\/gmiinfo.com\/fr\/wp-json\/wp\/v2\/product_cat?post=6801"},{"taxonomy":"product_tag","embeddable":true,"href":"https:\/\/gmiinfo.com\/fr\/wp-json\/wp\/v2\/product_tag?post=6801"}],"curies":[{"name":"wp","href":"https:\/\/api.w.org\/{rel}","templated":true}]}}