{"id":6798,"date":"2022-01-19T13:57:28","date_gmt":"2022-01-19T12:57:28","guid":{"rendered":"https:\/\/gmiinfo.com\/?post_type=product&#038;p=6798"},"modified":"2022-01-19T13:57:28","modified_gmt":"2022-01-19T12:57:28","slug":"chargeur-ultra-rapide-25w-pour-samsung","status":"publish","type":"product","link":"https:\/\/gmiinfo.com\/fr\/produit\/chargeur-ultra-rapide-25w-pour-samsung\/","title":{"rendered":"Chargeur ultra rapide 25w &#8211; pour Samsung"},"content":{"rendered":"<h1>Profitez d&#8217;une charge adaptative \u00e0 la mesure des capacit\u00e9s de votre appareil. Si le Chargeur ultra rapide d\u00e9livre la puissance maximale de 20W aux appareils compatibles*, il peut \u00e9galement s&#8217;adapter aux capacit\u00e9s des autres mod\u00e8les.<\/h1>\n<p>La charge ultra rapide n\u00e9cessite un p\u00e9riph\u00e9rique compatible\u00a0<b>USB PD 3.0<\/b>\u00a0en charge directe pour atteindre une vitesse de charge optimale. La vitesse de charge r\u00e9elle peut varier en fonction de l&#8217;environnement, de l&#8217;appareil et d&#8217;autres facters.<\/p>","protected":false},"excerpt":{"rendered":"<ul>\n<li>Super Fast Charging max. 20W, PD 3.0 PPS max. 25W<\/li>\n<li>INTERFACE USB Type-C<\/li>\n<li><strong>Sp\u00e9cifications physiques<\/strong><\/li>\n<li>Tension d&#8217;entr\u00e9e\u00a0100-240 V<\/li>\n<li>Output Voltage (Max, Normal Charge)\u00a05 V<\/li>\n<li>Output Voltage (Max, Fast Charge)\u00a0PDO : 9V \/ PPS : 3.3-5.9V or 3.3-11.0V<\/li>\n<li>Output Current (Max, Normal Charge)\u00a03 A<\/li>\n<li>Output Current (Max, Fast Charge)\u00a0PDO : 2.77A(9V) \/ PPS : 3.0A(3.3-5.9V) or 2.25A(3.3-11.0V)<\/li>\n<\/ul>","protected":false},"featured_media":6799,"template":"","meta":[],"product_cat":[241,251],"product_tag":[],"class_list":["post-6798","product","type-product","status-publish","has-post-thumbnail","hentry","product_cat-accessoires-telephones","product_cat-chargeurs-et-cables"],"_links":{"self":[{"href":"https:\/\/gmiinfo.com\/fr\/wp-json\/wp\/v2\/product\/6798","targetHints":{"allow":["GET"]}}],"collection":[{"href":"https:\/\/gmiinfo.com\/fr\/wp-json\/wp\/v2\/product"}],"about":[{"href":"https:\/\/gmiinfo.com\/fr\/wp-json\/wp\/v2\/types\/product"}],"wp:featuredmedia":[{"embeddable":true,"href":"https:\/\/gmiinfo.com\/fr\/wp-json\/wp\/v2\/media\/6799"}],"wp:attachment":[{"href":"https:\/\/gmiinfo.com\/fr\/wp-json\/wp\/v2\/media?parent=6798"}],"wp:term":[{"taxonomy":"product_cat","embeddable":true,"href":"https:\/\/gmiinfo.com\/fr\/wp-json\/wp\/v2\/product_cat?post=6798"},{"taxonomy":"product_tag","embeddable":true,"href":"https:\/\/gmiinfo.com\/fr\/wp-json\/wp\/v2\/product_tag?post=6798"}],"curies":[{"name":"wp","href":"https:\/\/api.w.org\/{rel}","templated":true}]}}