{"id":6424,"date":"2021-06-28T17:27:28","date_gmt":"2021-06-28T15:27:28","guid":{"rendered":"https:\/\/gmiinfo.com\/?post_type=product&#038;p=6424"},"modified":"2022-04-13T11:45:12","modified_gmt":"2022-04-13T09:45:12","slug":"sup-game-boy-400-jeux-2","status":"publish","type":"product","link":"https:\/\/gmiinfo.com\/fr\/produit\/sup-game-boy-400-jeux-2\/","title":{"rendered":"Sup Game boy 400 Jeux"},"content":{"rendered":"<p>Un cadeau parfait pour les enfants, les amateurs de\u00a0<i>jeux r\u00e9tro<\/i>, les collectionneurs, etc. Dot\u00e9\u00a0d\u2019ne dur\u00e9e de vie plus longue, la batterie au lithium rechargeable de\u00a0600 mAh vous permet jusqu\u2019\u00e0 3 \u00e0 4 heures de jeu en continu. Grace a ses<b>\u00a0400 jeux<\/b>\u00a0classiques int\u00e9gr\u00e9s, cette Game box fera le bonheur de vos enfants. Applicable\u00a0au syst\u00e8me de t\u00e9l\u00e9vision gr\u00e2ce a son c\u00e2ble AV adapt\u00e9, elle vous permet\u00a0facilement de profiter de jeux vivants et excitants sur un grand\u00a0<b>\u00e9cran<\/b>.<\/p>","protected":false},"excerpt":{"rendered":"<ul>\n<li>400 jeux classiques int\u00e9gr\u00e9s cela vous ram\u00e8nera \u00e0 votre enfance<\/li>\n<li>Syst\u00e8me de jeu num\u00e9rique lcd super large de 3,0 pouces<\/li>\n<li>La console est mince portable et tendance<\/li>\n<li>Appareil num\u00e9rique multi-plateforme pouvant \u00eatre lu \u00e0 la t\u00e9l\u00e9vision<\/li>\n<li>La fonction r\u00e9tro\u00e9clair\u00e9e de l&#8217;\u00e9cran permet aux joueurs de jouer partout<\/li>\n<li>Une batterie au lithium rechargeable puissante 6 heures de jeu en continu et comprend un adaptateur secteur<\/li>\n<li>Taille pratique et poids l\u00e9ger il est parfait pour les voyages ou les d\u00e9placements<\/li>\n<\/ul>\n<ul>\n<li>Compatible Avec : TV, Jeux int\u00e9gr\u00e9s<\/li>\n<li>Langue : Anglais \/ Chinois<\/li>\n<li>Nombre De Jeux Pr\u00e9-Positionn\u00e9s : 400<\/li>\n<li>Dimension : 8cm (L) x 11.5cm (L) x 1.8cm (T)<\/li>\n<li>Poids : 76 grammes (console seulement) +\/-<\/li>\n<li>Couleur :\u00a0Rouge<\/li>\n<\/ul>","protected":false},"featured_media":6408,"template":"","meta":[],"product_cat":[245,246],"product_tag":[],"class_list":["post-6424","product","type-product","status-publish","has-post-thumbnail","hentry","product_cat-console-de-jeux","product_cat-gameboy"],"_links":{"self":[{"href":"https:\/\/gmiinfo.com\/fr\/wp-json\/wp\/v2\/product\/6424","targetHints":{"allow":["GET"]}}],"collection":[{"href":"https:\/\/gmiinfo.com\/fr\/wp-json\/wp\/v2\/product"}],"about":[{"href":"https:\/\/gmiinfo.com\/fr\/wp-json\/wp\/v2\/types\/product"}],"wp:featuredmedia":[{"embeddable":true,"href":"https:\/\/gmiinfo.com\/fr\/wp-json\/wp\/v2\/media\/6408"}],"wp:attachment":[{"href":"https:\/\/gmiinfo.com\/fr\/wp-json\/wp\/v2\/media?parent=6424"}],"wp:term":[{"taxonomy":"product_cat","embeddable":true,"href":"https:\/\/gmiinfo.com\/fr\/wp-json\/wp\/v2\/product_cat?post=6424"},{"taxonomy":"product_tag","embeddable":true,"href":"https:\/\/gmiinfo.com\/fr\/wp-json\/wp\/v2\/product_tag?post=6424"}],"curies":[{"name":"wp","href":"https:\/\/api.w.org\/{rel}","templated":true}]}}