{"id":6365,"date":"2021-06-18T13:26:06","date_gmt":"2021-06-18T11:26:06","guid":{"rendered":"https:\/\/gmiinfo.com\/?post_type=product&#038;p=6365"},"modified":"2022-08-15T17:51:14","modified_gmt":"2022-08-15T15:51:14","slug":"xiaomi-mi-true-wireless-earbuds-basic-black","status":"publish","type":"product","link":"https:\/\/gmiinfo.com\/fr\/produit\/xiaomi-mi-true-wireless-earbuds-basic-black\/","title":{"rendered":"XIAOMI Mi True Wireless Earbuds Basic &#8211; Black"},"content":{"rendered":"<h2>\u00a0\u00c9couteurs TWS avec Bluetooth 5.0 et conception ultra-l\u00e9g\u00e8re<\/h2>\n<p>Bluetooth 5.0 &#8211; Jumelage automatique mono ou double &#8211; Autonomie totale jusqu&#8217;\u00e0 12 heures &#8211; Conception sophistiqu\u00e9e et ultra-l\u00e9g\u00e8re<\/p>\n<p>Xiaomi Mi True Wireless Earphones Basic , l&#8217;une des meilleures options pour commencer \u00e0 profiter du monde des\u00a0\u00e9couteursTrue Wireless. Ils vous permettent de profiter de votre musique et de vous entra\u00eener comme jamais auparavant,\u00a0sans les tracas des fils.<\/p>\n<p>Les True Wireless earphones Basic\u00a0 s&#8217;ajoutent \u00e0 une famille d&#8217;\u00e9couteurs d\u00e9j\u00e0 \u00e9tablie, mais ils sont d\u00e9sormais dot\u00e9s d&#8217;un\u00a0couplage automatique\u00a0et d&#8217;un prix encore plus petit.<\/p>","protected":false},"excerpt":{"rendered":"<ul>\n<li>Param\u00e8tres g\u00e9n\u00e9raux\n<ul>\n<li>Marque: Xiaomi<\/li>\n<li>Nom: Mes \u00e9couteurs True Wireless Basic (TWSEJ061LS)<\/li>\n<li>Mod\u00e8le: BHR4272GL<\/li>\n<li>Type: TWS (True Wireless)<\/li>\n<li>Conception: intra-auriculaire<\/li>\n<\/ul>\n<\/li>\n<li>Bluetooth\n<ul>\n<li>Version: 5.0<\/li>\n<li>Distance effective: 10 m\u00e8tres<\/li>\n<li>Protocoles: HFP \/ A2DP \/ HSP \/ AVRCP<\/li>\n<\/ul>\n<\/li>\n<li>Batterie\n<ul>\n<li>Capacit\u00e9 du casque: 43 mAh (chacun)<\/li>\n<li>Capacit\u00e9 du bo\u00eetier de charge: 300 mAh<\/li>\n<li>Autonomie en mode lecture:\n<ul>\n<li>Jusqu&#8217;\u00e0 4 heures (une seule charge du casque)<\/li>\n<li>Jusqu&#8217;\u00e0 12 heures (avec tous les frais dans le cas)<\/li>\n<li>Les temps d&#8217;autonomie d\u00e9pendent des conditions d&#8217;utilisation, telles que le niveau de volume, le type de fichier, etc.<\/li>\n<\/ul>\n<\/li>\n<li>Temps de charge du casque: environ 1,5 heure<\/li>\n<li>Temps de charge du bo\u00eetier: 2 heures environ<\/li>\n<\/ul>\n<\/li>\n<li>Dimensions et poids\n<ul>\n<li>Dimensions du casque: 26,65 x 21,6 x 16,4 mm<\/li>\n<li>Dimensions du bo\u00eetier: 62 x 40 x 27,2 mm<\/li>\n<li>Poids du casque: 4,1 g (chacun)<\/li>\n<li>Poids total: 35,4 g (chacun)<\/li>\n<\/ul>\n<\/li>\n<li>Contenu du package\n<ul>\n<li>2 x Xiaomi Mi True Wireless\u00a0earphones\u00a0Basic 2 (gauche + droite)<\/li>\n<li>1 x \u00e9tui de recharge<\/li>\n<li>2 x paires de coussinets (S et L)<\/li>\n<li>1 x manuel d&#8217;utilisation<\/li>\n<\/ul>\n<\/li>\n<\/ul>","protected":false},"featured_media":6368,"template":"","meta":[],"product_cat":[421],"product_tag":[],"class_list":["post-6365","product","type-product","status-publish","has-post-thumbnail","hentry","product_cat-airpods-bluetooth"],"_links":{"self":[{"href":"https:\/\/gmiinfo.com\/fr\/wp-json\/wp\/v2\/product\/6365","targetHints":{"allow":["GET"]}}],"collection":[{"href":"https:\/\/gmiinfo.com\/fr\/wp-json\/wp\/v2\/product"}],"about":[{"href":"https:\/\/gmiinfo.com\/fr\/wp-json\/wp\/v2\/types\/product"}],"wp:featuredmedia":[{"embeddable":true,"href":"https:\/\/gmiinfo.com\/fr\/wp-json\/wp\/v2\/media\/6368"}],"wp:attachment":[{"href":"https:\/\/gmiinfo.com\/fr\/wp-json\/wp\/v2\/media?parent=6365"}],"wp:term":[{"taxonomy":"product_cat","embeddable":true,"href":"https:\/\/gmiinfo.com\/fr\/wp-json\/wp\/v2\/product_cat?post=6365"},{"taxonomy":"product_tag","embeddable":true,"href":"https:\/\/gmiinfo.com\/fr\/wp-json\/wp\/v2\/product_tag?post=6365"}],"curies":[{"name":"wp","href":"https:\/\/api.w.org\/{rel}","templated":true}]}}