{"id":6358,"date":"2021-06-18T10:51:03","date_gmt":"2021-06-18T08:51:03","guid":{"rendered":"https:\/\/gmiinfo.com\/?post_type=product&#038;p=6358"},"modified":"2022-04-14T12:04:24","modified_gmt":"2022-04-14T10:04:24","slug":"xtrike-pack-gamer-combo-4-en-1-clavier-souris-casque-et-tapis","status":"publish","type":"product","link":"https:\/\/gmiinfo.com\/fr\/produit\/xtrike-pack-gamer-combo-4-en-1-clavier-souris-casque-et-tapis\/","title":{"rendered":"Xtrike Pack Gamer &#8211; Combo 4 en 1 &#8211; Clavier &#8211; Souris &#8211; Casque Et Tapis"},"content":{"rendered":"<p>Vivez des parties intenses avec l&#8217;ensemble\u00a0<b>Xtrike CM-406<\/b>! Ce pack est compos\u00e9 du clavier gamer r\u00e9tro-\u00e9clair\u00e9 RGB QWERTY , et d&#8217;une souris optique avec r\u00e9solution 800-1200-1600 dpi et 4 boutons lumineux \u00a0ainsi qu&#8217;un tapis gamer dot\u00e9 des dimensions id\u00e9ales: 250 x 210 x 2 mm qui vous donneront s\u00e9curit\u00e9 et pr\u00e9cision dans chaque jeu\u00a0&#8230;Souris : elle int\u00e8gre un capteur optique pouvant aller jusqu&#8217;\u00e0 800-1200-1600 dpi pour une pr\u00e9cision chirurgicale. Profitez \u00e9galement d&#8217;un design ambidextre, de 4 boutons et d&#8217;un r\u00e9tro-\u00e9clairage RGB pour devenir le meilleur joueurClavier : avec 104 boutons et un switch membrane. propose une solution optimale pour un contr\u00f4le avanc\u00e9 dans vos jeux pr\u00e9f\u00e9r\u00e9s. Lumineux, il offre un r\u00e9tro-\u00e9clairage RGB avec mode\u00a0<b>Breathing<\/b>\u00a0pour continuer de jouer m\u00eame pendant la nuit.Casque: Ce mod\u00e8le St\u00e9r\u00e9o pour les gamers vous offrira un confort sup\u00e9rieur et une\u00a0<b>qualit\u00e9 d&#8217;\u00e9coute optimale<\/b>. D\u00e9couvrez une immersion totale avec le microphone omnidirectionnel r\u00e9tractable Pour compl\u00e9ter l&#8217;\u00e9quipement parfait:Le kit comprend un tapis pour souris dot\u00e9 des dimensions id\u00e9ales: 250 x 210 x 2 mm qui vous donneront s\u00e9curit\u00e9 et pr\u00e9cision dans chaque jeu.<\/p>","protected":false},"excerpt":{"rendered":"<ul class=\"-pvs -mvxs -phm -lsn\">\n<li class=\"-pvxs\"><span class=\"-b\">SKU<\/span>: XT700EA02KQ70NAFAMZ<\/li>\n<li class=\"-pvxs\"><span class=\"-b\">Couleur<\/span>: noir<\/li>\n<li class=\"-pvxs\"><span class=\"-b\">Mod\u00e8le<\/span>: CM-406<\/li>\n<li class=\"-pvxs\"><span class=\"-b\">Poids (kg)<\/span>: 0.2<\/li>\n<\/ul>","protected":false},"featured_media":6363,"template":"","meta":[],"product_cat":[415,416],"product_tag":[],"class_list":["post-6358","product","type-product","status-publish","has-post-thumbnail","hentry","product_cat-accessoires-gaming","product_cat-casque"],"_links":{"self":[{"href":"https:\/\/gmiinfo.com\/fr\/wp-json\/wp\/v2\/product\/6358","targetHints":{"allow":["GET"]}}],"collection":[{"href":"https:\/\/gmiinfo.com\/fr\/wp-json\/wp\/v2\/product"}],"about":[{"href":"https:\/\/gmiinfo.com\/fr\/wp-json\/wp\/v2\/types\/product"}],"wp:featuredmedia":[{"embeddable":true,"href":"https:\/\/gmiinfo.com\/fr\/wp-json\/wp\/v2\/media\/6363"}],"wp:attachment":[{"href":"https:\/\/gmiinfo.com\/fr\/wp-json\/wp\/v2\/media?parent=6358"}],"wp:term":[{"taxonomy":"product_cat","embeddable":true,"href":"https:\/\/gmiinfo.com\/fr\/wp-json\/wp\/v2\/product_cat?post=6358"},{"taxonomy":"product_tag","embeddable":true,"href":"https:\/\/gmiinfo.com\/fr\/wp-json\/wp\/v2\/product_tag?post=6358"}],"curies":[{"name":"wp","href":"https:\/\/api.w.org\/{rel}","templated":true}]}}