{"id":6341,"date":"2021-06-14T17:37:49","date_gmt":"2021-06-14T15:37:49","guid":{"rendered":"https:\/\/gmiinfo.com\/?post_type=product&#038;p=6341"},"modified":"2021-06-14T19:12:34","modified_gmt":"2021-06-14T17:12:34","slug":"xtrike-me","status":"publish","type":"product","link":"https:\/\/gmiinfo.com\/fr\/produit\/xtrike-me\/","title":{"rendered":"XTRIKE ME"},"content":{"rendered":"<p>Micro Casque Gamer &#8211; HP311 &#8211; 7 Couleurs &#8211; Noir<\/p>\n<p>Profitez de vos meilleurs jeux dans de\u00a0<strong>bonnes conditions<\/strong>\u00a0avec le casque-micro XTRIKE HP-311. Derri\u00e8re son look gaming assum\u00e9, vous entendrez vos ennemis avant qu&#8217;ils ne vous voient gr\u00e2ce \u00e0 un son limpide et d\u00e9taill\u00e9 via ses transducteurs n\u00e9odyme 40 mm.<\/p>\n<p>Le casque XTRIKE HP-311 int\u00e8gre des transducteurs Essence de 40 mm proposant ainsi grande chambre acoustique et un son naturel. Profitez d&#8217;une r\u00e9ponse en fr\u00e9quence \u00e9largie, de basses puissantes et de moyennes et hautes fr\u00e9quences limpides pour des parties au r\u00e9alisme sonore \u00e9poustouflant.<\/p>\n<p>Avec une\u00a0<strong>Conception ferm\u00e9e sur l&#8217;oreille<\/strong>\u00a0pour des sons de basse puissants, des Oreillettes en cuir \u00e0 coussin souple et un Bandeau auto-r\u00e9glable<\/p>","protected":false},"excerpt":{"rendered":"<ul class=\"-pvs -mvxs -phm -lsn\">\n<li class=\"-pvxs\"><span class=\"-b\">SKU<\/span>: XT344EA0S9SNWNAFAMZ<\/li>\n<li class=\"-pvxs\"><span class=\"-b\">Couleur<\/span>: Noir<\/li>\n<li class=\"-pvxs\"><span class=\"-b\">Mod\u00e8le<\/span>: HP-311<\/li>\n<li class=\"-pvxs\"><span class=\"-b\">Poids (kg)<\/span>: 0.4<\/li>\n<li>Connecteurs: USB (pour lumi\u00e8re LED), 2 x jack 3,5 mm<\/li>\n<\/ul>","protected":false},"featured_media":6336,"template":"","meta":[],"product_cat":[415,416],"product_tag":[],"class_list":["post-6341","product","type-product","status-publish","has-post-thumbnail","hentry","product_cat-accessoires-gaming","product_cat-casque"],"_links":{"self":[{"href":"https:\/\/gmiinfo.com\/fr\/wp-json\/wp\/v2\/product\/6341","targetHints":{"allow":["GET"]}}],"collection":[{"href":"https:\/\/gmiinfo.com\/fr\/wp-json\/wp\/v2\/product"}],"about":[{"href":"https:\/\/gmiinfo.com\/fr\/wp-json\/wp\/v2\/types\/product"}],"wp:featuredmedia":[{"embeddable":true,"href":"https:\/\/gmiinfo.com\/fr\/wp-json\/wp\/v2\/media\/6336"}],"wp:attachment":[{"href":"https:\/\/gmiinfo.com\/fr\/wp-json\/wp\/v2\/media?parent=6341"}],"wp:term":[{"taxonomy":"product_cat","embeddable":true,"href":"https:\/\/gmiinfo.com\/fr\/wp-json\/wp\/v2\/product_cat?post=6341"},{"taxonomy":"product_tag","embeddable":true,"href":"https:\/\/gmiinfo.com\/fr\/wp-json\/wp\/v2\/product_tag?post=6341"}],"curies":[{"name":"wp","href":"https:\/\/api.w.org\/{rel}","templated":true}]}}