{"id":6331,"date":"2021-06-08T13:09:59","date_gmt":"2021-06-08T11:09:59","guid":{"rendered":"https:\/\/gmiinfo.com\/?post_type=product&#038;p=6331"},"modified":"2021-06-08T13:09:59","modified_gmt":"2021-06-08T11:09:59","slug":"xtrike-me-backlit","status":"publish","type":"product","link":"https:\/\/gmiinfo.com\/fr\/produit\/xtrike-me-backlit\/","title":{"rendered":"XTRIKE ME BACKLIT"},"content":{"rendered":"<p>Ce casque universel compatible avec toutes les consoles et PC actuels. Avec son diaphragme de 40mm et une fr\u00e9quence de 20 Hz \u00e0 20 KHz, immergez-vous totalement en jeu. Le ARES poss\u00e8de un microphone flexible et inclinable de haut en bas jusqu\u2019\u00e0 90\u00b0. Le casque se connecte directement \u00e0 vos contr\u00f4leurs de consoles ou PC en Jack (Splitter fourni) gr\u00e2ce \u00e0 un c\u00e2ble tress\u00e9 de qualit\u00e9. Le contr\u00f4le du son se fait directement sur la t\u00e9l\u00e9commande sur le c\u00e2ble &#8211;\u00a0Con\u00e7u dans un souci de confort optimal, le XTRIKE ME GH 509 profite de coussinets \u00e9pais au niveau des oreilles et de l\u2019arceau pour un confort et une isolation de tous les instants &#8211;\u00a0Profitez d\u2019un design camouflage blanc\/gris du plus bel effet qui saura vous \u00e9paule lors de vos plus grandes batailles multi-joueurs &#8211;<\/p>","protected":false},"excerpt":{"rendered":"<ul class=\"-pvs -mvxs -phm -lsn\">\n<li class=\"-pvxs\"><span class=\"-b\">SKU<\/span>: SA050EA06UU18NAFAMZ<\/li>\n<li class=\"-pvxs\"><span class=\"-b\">Couleur<\/span>: Noir<\/li>\n<li class=\"-pvxs\"><span class=\"-b\">Mod\u00e8le<\/span>: 509<\/li>\n<li class=\"-pvxs\"><span class=\"-b\">Taille (Longueur x Largeur x Hauteur cm)<\/span>: X<\/li>\n<li class=\"-pvxs\"><span class=\"-b\">Poids (kg)<\/span>: 1<\/li>\n<\/ul>","protected":false},"featured_media":6332,"template":"","meta":[],"product_cat":[415,416],"product_tag":[],"class_list":["post-6331","product","type-product","status-publish","has-post-thumbnail","hentry","product_cat-accessoires-gaming","product_cat-casque"],"_links":{"self":[{"href":"https:\/\/gmiinfo.com\/fr\/wp-json\/wp\/v2\/product\/6331","targetHints":{"allow":["GET"]}}],"collection":[{"href":"https:\/\/gmiinfo.com\/fr\/wp-json\/wp\/v2\/product"}],"about":[{"href":"https:\/\/gmiinfo.com\/fr\/wp-json\/wp\/v2\/types\/product"}],"wp:featuredmedia":[{"embeddable":true,"href":"https:\/\/gmiinfo.com\/fr\/wp-json\/wp\/v2\/media\/6332"}],"wp:attachment":[{"href":"https:\/\/gmiinfo.com\/fr\/wp-json\/wp\/v2\/media?parent=6331"}],"wp:term":[{"taxonomy":"product_cat","embeddable":true,"href":"https:\/\/gmiinfo.com\/fr\/wp-json\/wp\/v2\/product_cat?post=6331"},{"taxonomy":"product_tag","embeddable":true,"href":"https:\/\/gmiinfo.com\/fr\/wp-json\/wp\/v2\/product_tag?post=6331"}],"curies":[{"name":"wp","href":"https:\/\/api.w.org\/{rel}","templated":true}]}}