{"id":6329,"date":"2021-06-08T12:52:56","date_gmt":"2021-06-08T10:52:56","guid":{"rendered":"https:\/\/gmiinfo.com\/?post_type=product&#038;p=6329"},"modified":"2025-02-20T14:56:41","modified_gmt":"2025-02-20T13:56:41","slug":"mi-wifi-range-extender-pro","status":"publish","type":"product","link":"https:\/\/gmiinfo.com\/fr\/produit\/mi-wifi-range-extender-pro\/","title":{"rendered":"Mi R\u00e9p\u00e9teur Wifi Ranger Extendeur 300Mbit\/s"},"content":{"rendered":"<p>&#8211; Le Mi Wi-Fi Range Extender Pro se connecte \u00e0 votre routeur sans fil, renfor\u00e7ant et \u00e9tendant son signal \u00e0 tous les coins de la maison &#8211; m\u00eame \u00e0 ceux difficiles \u00e0 atteindre, tels que les salles de bains, les balcons, les chambres.<br \/>\n&#8211; Cela garantit une couverture accrue d&#8217;Internet fiable et haut d\u00e9bit pour les appareils tels que les ordinateurs portables, les tablettes, les smartphones, les consoles de jeux et les t\u00e9l\u00e9viseurs intelligents.<\/p>","protected":false},"excerpt":{"rendered":"<p>&#8211; Dimensions: 80 \u00d7 54 \u00d7 70 mm<br \/>\n&#8211; Type d&#8217;antenne: 2 antennes externes<br \/>\n&#8211; Normes sans fil: IEEE 802.11b \/ g \/ n<br \/>\n&#8211; Singal Rate: 2,4 GHz, jusqu&#8217;\u00e0 300 Mbps<br \/>\n&#8211; S\u00e9curit\u00e9 sans fil: WPA-PSK \/ WPA2- Cryptage PSK<br \/>\n&#8211; Alimentation: 100-240 V \/ 0,35 A<\/p>","protected":false},"featured_media":8547,"template":"","meta":[],"product_cat":[440],"product_tag":[],"class_list":["post-6329","product","type-product","status-publish","has-post-thumbnail","hentry","product_cat-repeteur-wifi"],"_links":{"self":[{"href":"https:\/\/gmiinfo.com\/fr\/wp-json\/wp\/v2\/product\/6329","targetHints":{"allow":["GET"]}}],"collection":[{"href":"https:\/\/gmiinfo.com\/fr\/wp-json\/wp\/v2\/product"}],"about":[{"href":"https:\/\/gmiinfo.com\/fr\/wp-json\/wp\/v2\/types\/product"}],"wp:featuredmedia":[{"embeddable":true,"href":"https:\/\/gmiinfo.com\/fr\/wp-json\/wp\/v2\/media\/8547"}],"wp:attachment":[{"href":"https:\/\/gmiinfo.com\/fr\/wp-json\/wp\/v2\/media?parent=6329"}],"wp:term":[{"taxonomy":"product_cat","embeddable":true,"href":"https:\/\/gmiinfo.com\/fr\/wp-json\/wp\/v2\/product_cat?post=6329"},{"taxonomy":"product_tag","embeddable":true,"href":"https:\/\/gmiinfo.com\/fr\/wp-json\/wp\/v2\/product_tag?post=6329"}],"curies":[{"name":"wp","href":"https:\/\/api.w.org\/{rel}","templated":true}]}}